{"id":635,"date":"2024-07-16T12:13:29","date_gmt":"2024-07-16T10:13:29","guid":{"rendered":"https:\/\/velabrava.cat\/qui-som"},"modified":"2024-09-23T17:43:12","modified_gmt":"2024-09-23T15:43:12","slug":"quienes-somos","status":"publish","type":"page","link":"https:\/\/velabrava.cat\/es\/quienes-somos","title":{"rendered":"Qui\u00e9nes somos"},"content":{"rendered":"\n<div class=\"wp-block-columns is-layout-flex wp-container-core-columns-is-layout-28f84493 wp-block-columns-is-layout-flex\">\n<div class=\"wp-block-column is-vertically-aligned-center is-layout-flow wp-block-column-is-layout-flow\">\n<p><strong>Vela Brava<\/strong> es un proyecto que nace de la estima por el <strong>mar<\/strong> y el <strong>territorio<\/strong>: El Cap de Creus.<\/p>\n\n\n\n<p>Nuestro <strong>objetivo<\/strong> es difundir la <strong>navegaci\u00f3n a vela <\/strong>y fomentar un <strong>turismo<\/strong> m\u00e1s <strong>sostenible<\/strong> y respetuoso con el medio natural.<\/p>\n\n\n\n<p>Queremos mostraros la <strong>belleza<\/strong> de la costa, calas y rincones del <strong>Parque Natural<\/strong> desde el respeto a la fauna y flora. Entramos en este territorio <strong>salvaje<\/strong> para conectar con la forma m\u00e1s <strong>ancestral de navegar<\/strong> por el mar y alejarnos del ruido de la ciudad.<\/p>\n\n\n\n<p>Con el puerto base en el <strong>Puerto de la Selva<\/strong>, el <strong>mar de arriba<\/strong> es nuestra debilidad; Cala Galera, Cala Prona, Cala Portal\u00f3 y Cala Culip, son algunos de los muchos escondrijos que visitaremos durante nuestras salidas.<\/p>\n<\/div>\n\n\n\n<div class=\"wp-block-column is-layout-flow wp-block-column-is-layout-flow\">\n<figure class=\"wp-block-image size-full\"><img decoding=\"async\" width=\"600\" height=\"480\" data-image-position=\"1\" src=\"https:\/\/velabrava.cat\/wp-content\/uploads\/2024\/07\/vela-brava-qui-som01.jpg\" alt class=\"wp-image-152 fy-content__image\" style=\"object-fit:cover\" srcset=\"https:\/\/velabrava.cat\/wp-content\/uploads\/2024\/07\/vela-brava-qui-som01.jpg 600w, https:\/\/velabrava.cat\/wp-content\/uploads\/2024\/07\/vela-brava-qui-som01-300x240.jpg 300w, https:\/\/velabrava.cat\/wp-content\/uploads\/2024\/07\/vela-brava-qui-som01-480x384.jpg 480w\" sizes=\"(max-width: 600px) 100vw, 600px\" fetchpriority=\"high\"><div class=\"fy-image-loading fy-image-loading--skeleton\" aria-hidden=\"true\"><\/div><\/figure>\n<\/div>\n<\/div>\n\n\n\n<div class=\"wp-block-cover alignfull is-light has-cnt-color has-text-color has-link-color wp-elements-7b242f6d7545badbe0b33a0790eaed2d\" style=\"padding-top:var(--wp--preset--spacing--large);padding-bottom:var(--wp--preset--spacing--large)\"><span aria-hidden=\"true\" class=\"wp-block-cover__background has-background-dim-100 has-background-dim\" style=\"background-color:#ddf2ff\"><\/span><div class=\"wp-block-cover__inner-container is-layout-constrained wp-block-cover-is-layout-constrained\">\n<div class=\"wp-block-columns is-layout-flex wp-container-core-columns-is-layout-28f84493 wp-block-columns-is-layout-flex\">\n<div class=\"wp-block-column is-layout-flow wp-block-column-is-layout-flow\">\n<h2 class=\"wp-block-heading has-text-align-left\">Sigue Vela Brava en Instagram<\/h2>\n\n\n<div id=\"trustindex-feed-container-856a0466850b9ff\"><\/div>\n<\/div>\n<\/div>\n<\/div><\/div>\n\n\n\n<div class=\"wp-block-cover alignfull has-parallax is-repeated has-cnt-background-color has-background-dim\" style=\"min-height:480px;aspect-ratio:unset;\"><span aria-hidden=\"true\" class=\"wp-block-cover__background has-cnt-background-color has-background-dim-30 has-background-dim\"><\/span><div role=\"img\" aria-label=\"Excursions en veler \" class=\"wp-block-cover__image-background wp-image-142 has-parallax is-repeated\" style=\"background-position:50% 50%;background-image:url(https:\/\/velabrava.cat\/wp-content\/uploads\/2024\/07\/vela-brava-veler-cala.jpg)\"><\/div><div class=\"wp-block-cover__inner-container is-layout-flow wp-block-cover-is-layout-flow\">\n<p class=\"has-text-align-center has-large-font-size\">Excursiones en velero<\/p>\n\n\n\n<p class=\"has-text-align-center\">Disfruta de la belleza de la costa y el Parque Natural del Cap de Creus a bordo de un velero con patr\u00f3n. <br>Reserva la excursi\u00f3n que m\u00e1s se adapte a tus necesidades.<\/p>\n\n\n\n<div class=\"wp-block-buttons is-content-justification-center is-layout-flex wp-container-core-buttons-is-layout-a89b3969 wp-block-buttons-is-layout-flex\">\n<div class=\"wp-block-button is-style-fill\"><a class=\"wp-block-button__link has-cnt-color has-cnt-bg-background-color has-text-color has-background has-link-color wp-element-button\" href=\"\/es\/salidas-en-velero-y-patron\">Ver salidas<\/a><\/div>\n\n\n\n<div class=\"wp-block-button is-style-fill\"><a class=\"wp-block-button__link has-cnt-bg-color has-cnt-background-color has-text-color has-background has-link-color wp-element-button\" href=\"https:\/\/velabrava.cat\/es\/contacto\">reservas<\/a><\/div>\n<\/div>\n<\/div><\/div>\n","protected":false},"excerpt":{"rendered":"<p>Vela Brava es un proyecto que nace de la estima por el mar y el territorio: El Cap de Creus. Nuestro objetivo es difundir &#8230;<\/p>\n","protected":false},"author":1,"featured_media":0,"parent":0,"menu_order":0,"comment_status":"closed","ping_status":"closed","template":"","meta":{"_joinchat":[],"footnotes":""},"class_list":["post-635","page","type-page","status-publish","hentry"],"yoast_head":"<!-- This site is optimized with the Yoast SEO plugin v23.5 - https:\/\/yoast.com\/wordpress\/plugins\/seo\/ -->\n<title>Qui\u00e9nes somos - Vela Brava<\/title>\n<meta name=\"robots\" content=\"index, follow, max-snippet:-1, max-image-preview:large, max-video-preview:-1\" \/>\n<link rel=\"canonical\" href=\"https:\/\/velabrava.cat\/es\/quienes-somos\" \/>\n<meta property=\"og:locale\" content=\"es_ES\" \/>\n<meta property=\"og:type\" content=\"article\" \/>\n<meta property=\"og:title\" content=\"Qui\u00e9nes somos - Vela Brava\" \/>\n<meta property=\"og:description\" content=\"Vela Brava es un proyecto que nace de la estima por el mar y el territorio: El Cap de Creus. Nuestro objetivo es difundir ...\" \/>\n<meta property=\"og:url\" content=\"https:\/\/velabrava.cat\/es\/quienes-somos\" \/>\n<meta property=\"og:site_name\" content=\"Vela Brava\" \/>\n<meta property=\"article:modified_time\" content=\"2024-09-23T15:43:12+00:00\" \/>\n<meta property=\"og:image\" content=\"https:\/\/velabrava.cat\/wp-content\/uploads\/2024\/07\/vela-brava-qui-som01.jpg\" \/>\n<meta name=\"twitter:card\" content=\"summary_large_image\" \/>\n<meta name=\"twitter:label1\" content=\"Tiempo de lectura\" \/>\n\t<meta name=\"twitter:data1\" content=\"2 minutos\" \/>\n<script type=\"application\/ld+json\" class=\"yoast-schema-graph\">{\"@context\":\"https:\/\/schema.org\",\"@graph\":[{\"@type\":\"WebPage\",\"@id\":\"https:\/\/velabrava.cat\/es\/quienes-somos\",\"url\":\"https:\/\/velabrava.cat\/es\/quienes-somos\",\"name\":\"Qui\u00e9nes somos - Vela Brava\",\"isPartOf\":{\"@id\":\"https:\/\/velabrava.cat\/es#website\"},\"primaryImageOfPage\":{\"@id\":\"https:\/\/velabrava.cat\/es\/quienes-somos#primaryimage\"},\"image\":{\"@id\":\"https:\/\/velabrava.cat\/es\/quienes-somos#primaryimage\"},\"thumbnailUrl\":\"https:\/\/velabrava.cat\/wp-content\/uploads\/2024\/07\/vela-brava-qui-som01.jpg\",\"datePublished\":\"2024-07-16T10:13:29+00:00\",\"dateModified\":\"2024-09-23T15:43:12+00:00\",\"breadcrumb\":{\"@id\":\"https:\/\/velabrava.cat\/es\/quienes-somos#breadcrumb\"},\"inLanguage\":\"es\",\"potentialAction\":[{\"@type\":\"ReadAction\",\"target\":[\"https:\/\/velabrava.cat\/es\/quienes-somos\"]}]},{\"@type\":\"ImageObject\",\"inLanguage\":\"es\",\"@id\":\"https:\/\/velabrava.cat\/es\/quienes-somos#primaryimage\",\"url\":\"https:\/\/velabrava.cat\/wp-content\/uploads\/2024\/07\/vela-brava-qui-som01.jpg\",\"contentUrl\":\"https:\/\/velabrava.cat\/wp-content\/uploads\/2024\/07\/vela-brava-qui-som01.jpg\"},{\"@type\":\"BreadcrumbList\",\"@id\":\"https:\/\/velabrava.cat\/es\/quienes-somos#breadcrumb\",\"itemListElement\":[{\"@type\":\"ListItem\",\"position\":1,\"name\":\"Portada\",\"item\":\"https:\/\/velabrava.cat\/es\"},{\"@type\":\"ListItem\",\"position\":2,\"name\":\"Qui\u00e9nes somos\"}]},{\"@type\":\"WebSite\",\"@id\":\"https:\/\/velabrava.cat\/es#website\",\"url\":\"https:\/\/velabrava.cat\/es\",\"name\":\"Vela Brava\",\"description\":\"Lloguer de veler amb patr\u00f3\",\"publisher\":{\"@id\":\"https:\/\/velabrava.cat\/es#organization\"},\"potentialAction\":[{\"@type\":\"SearchAction\",\"target\":{\"@type\":\"EntryPoint\",\"urlTemplate\":\"https:\/\/velabrava.cat\/es?s={search_term_string}\"},\"query-input\":{\"@type\":\"PropertyValueSpecification\",\"valueRequired\":true,\"valueName\":\"search_term_string\"}}],\"inLanguage\":\"es\"},{\"@type\":\"Organization\",\"@id\":\"https:\/\/velabrava.cat\/es#organization\",\"name\":\"Vela Brava\",\"url\":\"https:\/\/velabrava.cat\/es\",\"logo\":{\"@type\":\"ImageObject\",\"inLanguage\":\"es\",\"@id\":\"https:\/\/velabrava.cat\/es#\/schema\/logo\/image\/\",\"url\":\"https:\/\/velabrava.cat\/wp-content\/uploads\/2024\/07\/logo-velabrava.jpg\",\"contentUrl\":\"https:\/\/velabrava.cat\/wp-content\/uploads\/2024\/07\/logo-velabrava.jpg\",\"width\":417,\"height\":442,\"caption\":\"Vela Brava\"},\"image\":{\"@id\":\"https:\/\/velabrava.cat\/es#\/schema\/logo\/image\/\"},\"sameAs\":[\"https:\/\/www.instagram.com\/vela_brava\/?hl=en\",\"https:\/\/wa.me\/34690738188\"]}]}<\/script>\n<!-- \/ Yoast SEO plugin. -->","yoast_head_json":{"title":"Qui\u00e9nes somos - Vela Brava","robots":{"index":"index","follow":"follow","max-snippet":"max-snippet:-1","max-image-preview":"max-image-preview:large","max-video-preview":"max-video-preview:-1"},"canonical":"https:\/\/velabrava.cat\/es\/quienes-somos","og_locale":"es_ES","og_type":"article","og_title":"Qui\u00e9nes somos - Vela Brava","og_description":"Vela Brava es un proyecto que nace de la estima por el mar y el territorio: El Cap de Creus. Nuestro objetivo es difundir ...","og_url":"https:\/\/velabrava.cat\/es\/quienes-somos","og_site_name":"Vela Brava","article_modified_time":"2024-09-23T15:43:12+00:00","og_image":[{"url":"https:\/\/velabrava.cat\/wp-content\/uploads\/2024\/07\/vela-brava-qui-som01.jpg"}],"twitter_card":"summary_large_image","twitter_misc":{"Tiempo de lectura":"2 minutos"},"schema":{"@context":"https:\/\/schema.org","@graph":[{"@type":"WebPage","@id":"https:\/\/velabrava.cat\/es\/quienes-somos","url":"https:\/\/velabrava.cat\/es\/quienes-somos","name":"Qui\u00e9nes somos - Vela Brava","isPartOf":{"@id":"https:\/\/velabrava.cat\/es#website"},"primaryImageOfPage":{"@id":"https:\/\/velabrava.cat\/es\/quienes-somos#primaryimage"},"image":{"@id":"https:\/\/velabrava.cat\/es\/quienes-somos#primaryimage"},"thumbnailUrl":"https:\/\/velabrava.cat\/wp-content\/uploads\/2024\/07\/vela-brava-qui-som01.jpg","datePublished":"2024-07-16T10:13:29+00:00","dateModified":"2024-09-23T15:43:12+00:00","breadcrumb":{"@id":"https:\/\/velabrava.cat\/es\/quienes-somos#breadcrumb"},"inLanguage":"es","potentialAction":[{"@type":"ReadAction","target":["https:\/\/velabrava.cat\/es\/quienes-somos"]}]},{"@type":"ImageObject","inLanguage":"es","@id":"https:\/\/velabrava.cat\/es\/quienes-somos#primaryimage","url":"https:\/\/velabrava.cat\/wp-content\/uploads\/2024\/07\/vela-brava-qui-som01.jpg","contentUrl":"https:\/\/velabrava.cat\/wp-content\/uploads\/2024\/07\/vela-brava-qui-som01.jpg"},{"@type":"BreadcrumbList","@id":"https:\/\/velabrava.cat\/es\/quienes-somos#breadcrumb","itemListElement":[{"@type":"ListItem","position":1,"name":"Portada","item":"https:\/\/velabrava.cat\/es"},{"@type":"ListItem","position":2,"name":"Qui\u00e9nes somos"}]},{"@type":"WebSite","@id":"https:\/\/velabrava.cat\/es#website","url":"https:\/\/velabrava.cat\/es","name":"Vela Brava","description":"Lloguer de veler amb patr\u00f3","publisher":{"@id":"https:\/\/velabrava.cat\/es#organization"},"potentialAction":[{"@type":"SearchAction","target":{"@type":"EntryPoint","urlTemplate":"https:\/\/velabrava.cat\/es?s={search_term_string}"},"query-input":{"@type":"PropertyValueSpecification","valueRequired":true,"valueName":"search_term_string"}}],"inLanguage":"es"},{"@type":"Organization","@id":"https:\/\/velabrava.cat\/es#organization","name":"Vela Brava","url":"https:\/\/velabrava.cat\/es","logo":{"@type":"ImageObject","inLanguage":"es","@id":"https:\/\/velabrava.cat\/es#\/schema\/logo\/image\/","url":"https:\/\/velabrava.cat\/wp-content\/uploads\/2024\/07\/logo-velabrava.jpg","contentUrl":"https:\/\/velabrava.cat\/wp-content\/uploads\/2024\/07\/logo-velabrava.jpg","width":417,"height":442,"caption":"Vela Brava"},"image":{"@id":"https:\/\/velabrava.cat\/es#\/schema\/logo\/image\/"},"sameAs":["https:\/\/www.instagram.com\/vela_brava\/?hl=en","https:\/\/wa.me\/34690738188"]}]}},"_links":{"self":[{"href":"https:\/\/velabrava.cat\/es\/wp-json\/wp\/v2\/pages\/635","targetHints":{"allow":["GET"]}}],"collection":[{"href":"https:\/\/velabrava.cat\/es\/wp-json\/wp\/v2\/pages"}],"about":[{"href":"https:\/\/velabrava.cat\/es\/wp-json\/wp\/v2\/types\/page"}],"author":[{"embeddable":true,"href":"https:\/\/velabrava.cat\/es\/wp-json\/wp\/v2\/users\/1"}],"replies":[{"embeddable":true,"href":"https:\/\/velabrava.cat\/es\/wp-json\/wp\/v2\/comments?post=635"}],"version-history":[{"count":4,"href":"https:\/\/velabrava.cat\/es\/wp-json\/wp\/v2\/pages\/635\/revisions"}],"predecessor-version":[{"id":806,"href":"https:\/\/velabrava.cat\/es\/wp-json\/wp\/v2\/pages\/635\/revisions\/806"}],"wp:attachment":[{"href":"https:\/\/velabrava.cat\/es\/wp-json\/wp\/v2\/media?parent=635"}],"curies":[{"name":"wp","href":"https:\/\/api.w.org\/{rel}","templated":true}]}}