{"id":668,"date":"2024-07-16T12:24:05","date_gmt":"2024-07-16T10:24:05","guid":{"rendered":"https:\/\/velabrava.cat\/sortides-en-veler-i-patro"},"modified":"2024-09-23T17:51:57","modified_gmt":"2024-09-23T15:51:57","slug":"salidas-en-velero-y-patron","status":"publish","type":"page","link":"https:\/\/velabrava.cat\/es\/salidas-en-velero-y-patron","title":{"rendered":"Salidas en velero y patr\u00f3n"},"content":{"rendered":"\n<div class=\"wp-block-columns is-layout-flex wp-container-core-columns-is-layout-28f84493 wp-block-columns-is-layout-flex\">\n<div class=\"wp-block-column is-layout-flow wp-block-column-is-layout-flow\">\n<p>Saliendo de nuestro puerto base, el <strong>Port de la Selva<\/strong>, izaremos velas y pondremos rumbo a los diferentes rincones que se esconden en el <strong>Parque Natural del Cap de Creus<\/strong> y de la Costa Brava. Enfilaremos hacia el norte o el sur, en funci\u00f3n de las condiciones del <strong>mar<\/strong> y del <strong>viento<\/strong>, y fondearemos en parajes que nos inviten a hacer una parada, para refrescarnos, realizar <strong>snorkel<\/strong>, ir con <strong>kayak<\/strong>, tomar un bocado o sencillamente <strong>relajarnos<\/strong>.<\/p>\n\n\n\n<div class=\"wp-block-buttons is-layout-flex wp-block-buttons-is-layout-flex\">\n<div class=\"wp-block-button is-style-outline is-style-outline--1\"><a class=\"wp-block-button__link has-cnt-color has-text-color has-link-color has-border-color has-cnt-border-color wp-element-button\" href=\"https:\/\/velabrava.cat\/es\/salidas-en-velero-y-patron\/recorrido-salidas-en-velero\" style=\"border-width:2px\">Ver recorrido<\/a><\/div>\n<\/div>\n<\/div>\n<\/div>\n\n\n\n<div class=\"wp-block-cover alignfull is-light has-cnt-color has-text-color has-link-color wp-elements-a7da721532e17462f562ad651bdc257d\" style=\"padding-top:var(--wp--preset--spacing--large);padding-bottom:var(--wp--preset--spacing--large)\"><span aria-hidden=\"true\" class=\"wp-block-cover__background has-background-dim-100 has-background-dim\" style=\"background-color:#ddf2ff\"><\/span><div class=\"wp-block-cover__inner-container is-layout-constrained wp-block-cover-is-layout-constrained\">\n<div class=\"wp-block-columns is-layout-flex wp-container-core-columns-is-layout-e0e4babd wp-block-columns-is-layout-flex\" style=\"padding-right:0;padding-left:0\">\n<div class=\"wp-block-column is-vertically-aligned-top is-layout-flow wp-block-column-is-layout-flow\">\n<h2 class=\"wp-block-heading has-text-align-left\"><strong>Medio d\u00eda<\/strong><\/h2>\n\n\n\n<p>Excursiones de <strong>cuatro horas<\/strong>, de ma\u00f1ana o tarde, donde seguiremos de cerca la costa para apreciar la <strong>roca singular<\/strong> de la zona hasta el <strong>Gou<\/strong> donde fondearemos en una de las 8 calas para disfrutar del entorno y desconectar. Despu\u00e9s volveremos a <strong>vela<\/strong> hasta el Port de la Selva cerrando as\u00ed la magn\u00edfica jornada de <strong>mar<\/strong>.<\/p>\n\n\n\n<p><strong>La salida incluye<\/strong><\/p>\n\n\n\n<ul class=\"wp-block-list\">\n<li>Patr\u00f3n y tripulaci\u00f3n.<\/li>\n\n\n\n<li>Combustible.<\/li>\n\n\n\n<li>Seguro.<\/li>\n\n\n\n<li>Limpieza de la embarcaci\u00f3n.<\/li>\n\n\n\n<li>Aperitivo con bebida.<\/li>\n<\/ul>\n\n\n\n<p><strong>Horario<\/strong>: de 10h a 14h o de 16h a 20h (con flexibilidad segun demanda).<\/p>\n\n\n\n<p><strong>Precio desde 320\u20ac<\/strong><\/p>\n\n\n\n<div class=\"wp-block-buttons is-layout-flex wp-block-buttons-is-layout-flex\">\n<div class=\"wp-block-button\"><a class=\"wp-block-button__link has-cnt-bg-color has-cnt-background-color has-text-color has-background has-link-color wp-element-button\" href=\"https:\/\/velabrava.cat\/contacte\">Reservar<\/a><\/div>\n<\/div>\n<\/div>\n\n\n\n<div class=\"wp-block-column is-vertically-aligned-center is-layout-flow wp-block-column-is-layout-flow\">\n<figure class=\"wp-block-image aligncenter size-full\"><img decoding=\"async\" width=\"800\" height=\"533\" data-image-position=\"1\" src=\"https:\/\/velabrava.cat\/wp-content\/uploads\/2024\/07\/vela-brava-veler-home.jpg\" alt class=\"wp-image-63 fy-content__image\" style=\"object-fit:cover\" srcset=\"https:\/\/velabrava.cat\/wp-content\/uploads\/2024\/07\/vela-brava-veler-home.jpg 800w, https:\/\/velabrava.cat\/wp-content\/uploads\/2024\/07\/vela-brava-veler-home-300x200.jpg 300w, https:\/\/velabrava.cat\/wp-content\/uploads\/2024\/07\/vela-brava-veler-home-768x512.jpg 768w, https:\/\/velabrava.cat\/wp-content\/uploads\/2024\/07\/vela-brava-veler-home-480x320.jpg 480w\" sizes=\"(max-width: 800px) 100vw, 800px\" fetchpriority=\"high\"><div class=\"fy-image-loading fy-image-loading--skeleton\" aria-hidden=\"true\"><\/div><\/figure>\n<\/div>\n<\/div>\n<\/div><\/div>\n\n\n\n<div class=\"wp-block-cover alignfull is-light has-cnt-color has-text-color has-link-color wp-elements-fd1b183c6a1ef4ecfaf6e8bbcac7d224\" style=\"padding-top:var(--wp--preset--spacing--large);padding-bottom:var(--wp--preset--spacing--large)\"><span aria-hidden=\"true\" class=\"wp-block-cover__background has-cnt-bg-background-color has-background-dim-100 has-background-dim\"><\/span><div class=\"wp-block-cover__inner-container is-layout-constrained wp-container-core-cover-is-layout-ddd7b407 wp-block-cover-is-layout-constrained\">\n<div class=\"wp-block-columns is-layout-flex wp-container-core-columns-is-layout-28f84493 wp-block-columns-is-layout-flex\">\n<div class=\"wp-block-column is-vertically-aligned-center is-layout-flow wp-block-column-is-layout-flow\">\n<figure class=\"wp-block-image aligncenter size-full\"><img decoding=\"async\" width=\"1000\" height=\"667\" src=\"data:image\/svg+xml,%3Csvg%20width%3D%221000%22%20height%3D%22667%22%20xmlns%3D%22http:\/\/www.w3.org\/2000\/svg%22%20viewBox%3D%220%200%201000%20667%22%3E%3C\/svg%3E\" alt class=\"wp-image-191 fy-content__image fy-lazy js-lazy\" style=\"object-fit:cover\" data-src=\"https:\/\/velabrava.cat\/wp-content\/uploads\/2024\/07\/vela-brava-sortides-capvespre.jpg\" data-srcset=\"https:\/\/velabrava.cat\/wp-content\/uploads\/2024\/07\/vela-brava-sortides-capvespre.jpg 1000w, https:\/\/velabrava.cat\/wp-content\/uploads\/2024\/07\/vela-brava-sortides-capvespre-300x200.jpg 300w, https:\/\/velabrava.cat\/wp-content\/uploads\/2024\/07\/vela-brava-sortides-capvespre-768x512.jpg 768w, https:\/\/velabrava.cat\/wp-content\/uploads\/2024\/07\/vela-brava-sortides-capvespre-480x320.jpg 480w\" data-sizes=\"(max-width: 1000px) 100vw, 1000px\" fetchpriority=\"low\"><div class=\"fy-image-loading fy-image-loading--skeleton\" aria-hidden=\"true\"><\/div><\/figure>\n<\/div>\n\n\n\n<div class=\"wp-block-column is-vertically-aligned-top is-layout-flow wp-block-column-is-layout-flow\">\n<h2 class=\"wp-block-heading has-text-align-left\"><strong>Puesta de sol<\/strong><\/h2>\n\n\n\n<p>Escapadas de <strong>dos horas y media<\/strong> en torno al <strong>atardecer<\/strong> donde navegaremos desde el Port de la Selva hasta llegar a <strong>Cala Fornells<\/strong>, all\u00ed pararemos para realizar un ba\u00f1o y un peque\u00f1o aperitivo con los \u00faltimos rayos de <strong>sol<\/strong>. Volveremos con la \u00faltima claridad del d\u00eda hasta el club n\u00e1utico.<\/p>\n\n\n\n<p><strong>La salida incluye<\/strong><\/p>\n\n\n\n<ul class=\"wp-block-list\">\n<li>Patr\u00f3n y tripulaci\u00f3n.<\/li>\n\n\n\n<li>Combustible.<\/li>\n\n\n\n<li>Seguro.<\/li>\n\n\n\n<li>Limpieza de la embarcaci\u00f3n.<\/li>\n\n\n\n<li>Aperitivo con bebida.<\/li>\n<\/ul>\n\n\n\n<p><strong>Horario<\/strong>: de 19.30h a 22h.<\/p>\n\n\n\n<p><strong>Precio desde 260\u20ac<\/strong><\/p>\n\n\n\n<div class=\"wp-block-buttons is-layout-flex wp-block-buttons-is-layout-flex\">\n<div class=\"wp-block-button\"><a class=\"wp-block-button__link has-cnt-bg-color has-cnt-background-color has-text-color has-background has-link-color wp-element-button\" href=\"https:\/\/velabrava.cat\/contacte\">Reservar<\/a><\/div>\n<\/div>\n<\/div>\n<\/div>\n<\/div><\/div>\n\n\n\n<div class=\"wp-block-cover alignfull is-light has-cnt-color has-text-color has-link-color wp-elements-5d24ee9aee480ef04525273c227b24f9\" style=\"padding-top:var(--wp--preset--spacing--large);padding-bottom:var(--wp--preset--spacing--large)\"><span aria-hidden=\"true\" class=\"wp-block-cover__background has-background-dim-100 has-background-dim\" style=\"background-color:#ddf2ff\"><\/span><div class=\"wp-block-cover__inner-container is-layout-constrained wp-block-cover-is-layout-constrained\">\n<div class=\"wp-block-columns is-layout-flex wp-container-core-columns-is-layout-28f84493 wp-block-columns-is-layout-flex\">\n<div class=\"wp-block-column is-vertically-aligned-top is-layout-flow wp-block-column-is-layout-flow\">\n<h2 class=\"wp-block-heading has-text-align-left\"><strong>D\u00eda entero<\/strong><\/h2>\n\n\n\n<p>Salidas de <strong>ocho horas<\/strong> con inicio por la ma\u00f1ana y finalizaci\u00f3n por la tarde. Arrancaremos la jornada desde el puerto base, direcci\u00f3n <strong>Cap de Creus<\/strong> <em>(siempre y cuando la meteorolog\u00eda nos lo permita)<\/em>, haremos una primera parada en una de las calas del <strong> Gou<\/strong>, para realizar un ba\u00f1o y comer un tentempi\u00e9.<br>Seguidamente pondremos rumbo al faro hasta llegar al Cap de Creus, en la <strong>Cala Culip<\/strong>, all\u00ed nos prepararemos para hacer la brasa para poder disfrutar de un buen <strong>arroz de mar<\/strong> o carne en la <strong>barbacoa<\/strong>. La navegaci\u00f3n de regreso ser\u00e1 alejada de la costa para poder maravillarnos de esta <strong>sensaci\u00f3n \u00fanica.<\/strong><\/p>\n\n\n\n<p><strong>La salida incluye<\/strong><\/p>\n\n\n\n<ul class=\"wp-block-list\">\n<li>Patr\u00f3n y tripulaci\u00f3n.<\/li>\n\n\n\n<li>Combustible.<\/li>\n\n\n\n<li>Seguro.<\/li>\n\n\n\n<li>Limpieza de la embarcaci\u00f3n.<\/li>\n\n\n\n<li>Aperitivo con bebida. <\/li>\n<\/ul>\n\n\n\n<p><strong>Horario<\/strong>: de 10h a 18h.<\/p>\n\n\n\n<p><strong>Precio desde 540\u20ac<\/strong><\/p>\n\n\n\n<ul class=\"wp-block-list\">\n<li><strong>Extra barbacoa de carne: 25\u20ac\/persona. Ensalada + carne + bebida<\/strong><\/li>\n\n\n\n<li><strong>Extra Arroz: 30\u20ac\/persona. Arroz + bebida<\/strong><\/li>\n<\/ul>\n\n\n\n<div class=\"wp-block-buttons is-layout-flex wp-block-buttons-is-layout-flex\">\n<div class=\"wp-block-button\"><a class=\"wp-block-button__link has-cnt-bg-color has-cnt-background-color has-text-color has-background has-link-color wp-element-button\" href=\"https:\/\/velabrava.cat\/contacte\">Reservar<\/a><\/div>\n<\/div>\n<\/div>\n\n\n\n<div class=\"wp-block-column is-vertically-aligned-center is-layout-flow wp-block-column-is-layout-flow\">\n<figure class=\"wp-block-image aligncenter size-full\"><img decoding=\"async\" width=\"1903\" height=\"1268\" src=\"data:image\/svg+xml,%3Csvg%20width%3D%221903%22%20height%3D%221268%22%20xmlns%3D%22http:\/\/www.w3.org\/2000\/svg%22%20viewBox%3D%220%200%201903%201268%22%3E%3C\/svg%3E\" alt class=\"wp-image-142 fy-content__image fy-lazy js-lazy\" style=\"object-fit:cover\" data-src=\"https:\/\/velabrava.cat\/wp-content\/uploads\/2024\/07\/vela-brava-veler-cala.jpg\" data-srcset=\"https:\/\/velabrava.cat\/wp-content\/uploads\/2024\/07\/vela-brava-veler-cala.jpg 1903w, https:\/\/velabrava.cat\/wp-content\/uploads\/2024\/07\/vela-brava-veler-cala-300x200.jpg 300w, https:\/\/velabrava.cat\/wp-content\/uploads\/2024\/07\/vela-brava-veler-cala-1024x682.jpg 1024w, https:\/\/velabrava.cat\/wp-content\/uploads\/2024\/07\/vela-brava-veler-cala-768x512.jpg 768w, https:\/\/velabrava.cat\/wp-content\/uploads\/2024\/07\/vela-brava-veler-cala-1536x1023.jpg 1536w, https:\/\/velabrava.cat\/wp-content\/uploads\/2024\/07\/vela-brava-veler-cala-480x320.jpg 480w, https:\/\/velabrava.cat\/wp-content\/uploads\/2024\/07\/vela-brava-veler-cala-1280x853.jpg 1280w\" data-sizes=\"(max-width: 1903px) 100vw, 1903px\" fetchpriority=\"low\"><div class=\"fy-image-loading fy-image-loading--skeleton\" aria-hidden=\"true\"><\/div><\/figure>\n<\/div>\n<\/div>\n<\/div><\/div>\n\n\n\n<div class=\"wp-block-cover alignfull has-parallax is-repeated has-cnt-background-color has-background-dim\" style=\"min-height:480px;aspect-ratio:unset;\"><span aria-hidden=\"true\" class=\"wp-block-cover__background has-cnt-background-color has-background-dim-30 has-background-dim\"><\/span><div role=\"img\" aria-label=\"Vela Brava el Veler\" class=\"wp-block-cover__image-background wp-image-492 has-parallax is-repeated\" style=\"background-position:50% 50%;background-image:url(https:\/\/velabrava.cat\/wp-content\/uploads\/2024\/09\/vela-brava-el-veler.jpg)\"><\/div><div class=\"wp-block-cover__inner-container is-layout-flow wp-block-cover-is-layout-flow\">\n<p class=\"has-text-align-center has-large-font-size\">\u00bfTienes alguna duda?<\/p>\n\n\n\n<p class=\"has-text-align-center\">Consulta las preguntas frecuentes y los t\u00e9rminos y condiciones generales.<\/p>\n\n\n\n<div class=\"wp-block-buttons is-content-justification-center is-layout-flex wp-container-core-buttons-is-layout-a89b3969 wp-block-buttons-is-layout-flex\">\n<div class=\"wp-block-button is-style-fill\"><a class=\"wp-block-button__link has-cnt-color has-cnt-bg-background-color has-text-color has-background has-link-color wp-element-button\" href=\"https:\/\/velabrava.cat\/es\/f-a-q-s\" target=\"_blank\" rel=\"noreferrer noopener\">F.A.Q.S<\/a><\/div>\n\n\n\n<div class=\"wp-block-button is-style-fill\"><a class=\"wp-block-button__link has-cnt-bg-color has-cnt-background-color has-text-color has-background has-link-color wp-element-button\" href=\"https:\/\/velabrava.cat\/es\/terminos-y-condiciones-generales\" target=\"_blank\" rel=\"noreferrer noopener\">T\u00e9rminos y condiciones<\/a><\/div>\n<\/div>\n<\/div><\/div>\n","protected":false},"excerpt":{"rendered":"<p>Saliendo de nuestro puerto base, el Port de la Selva, izaremos velas y pondremos rumbo a los diferentes rincones que se esconden en el &#8230;<\/p>\n","protected":false},"author":1,"featured_media":0,"parent":0,"menu_order":0,"comment_status":"closed","ping_status":"closed","template":"","meta":{"_joinchat":[],"footnotes":""},"class_list":["post-668","page","type-page","status-publish","hentry"],"yoast_head":"<!-- This site is optimized with the Yoast SEO plugin v23.5 - https:\/\/yoast.com\/wordpress\/plugins\/seo\/ -->\n<title>Salidas en velero y patr\u00f3n - Vela Brava<\/title>\n<meta name=\"robots\" content=\"index, follow, max-snippet:-1, max-image-preview:large, max-video-preview:-1\" \/>\n<link rel=\"canonical\" href=\"https:\/\/velabrava.cat\/es\/salidas-en-velero-y-patron\" \/>\n<meta property=\"og:locale\" content=\"es_ES\" \/>\n<meta property=\"og:type\" content=\"article\" \/>\n<meta property=\"og:title\" content=\"Salidas en velero y patr\u00f3n - Vela Brava\" \/>\n<meta property=\"og:description\" content=\"Saliendo de nuestro puerto base, el Port de la Selva, izaremos velas y pondremos rumbo a los diferentes rincones que se esconden en el ...\" \/>\n<meta property=\"og:url\" content=\"https:\/\/velabrava.cat\/es\/salidas-en-velero-y-patron\" \/>\n<meta property=\"og:site_name\" content=\"Vela Brava\" \/>\n<meta property=\"article:modified_time\" content=\"2024-09-23T15:51:57+00:00\" \/>\n<meta property=\"og:image\" content=\"https:\/\/velabrava.cat\/wp-content\/uploads\/2024\/07\/vela-brava-veler-home.jpg\" \/>\n<meta name=\"twitter:card\" content=\"summary_large_image\" \/>\n<meta name=\"twitter:label1\" content=\"Tiempo de lectura\" \/>\n\t<meta name=\"twitter:data1\" content=\"3 minutos\" \/>\n<script type=\"application\/ld+json\" class=\"yoast-schema-graph\">{\"@context\":\"https:\/\/schema.org\",\"@graph\":[{\"@type\":\"WebPage\",\"@id\":\"https:\/\/velabrava.cat\/es\/salidas-en-velero-y-patron\",\"url\":\"https:\/\/velabrava.cat\/es\/salidas-en-velero-y-patron\",\"name\":\"Salidas en velero y patr\u00f3n - Vela Brava\",\"isPartOf\":{\"@id\":\"https:\/\/velabrava.cat\/es#website\"},\"primaryImageOfPage\":{\"@id\":\"https:\/\/velabrava.cat\/es\/salidas-en-velero-y-patron#primaryimage\"},\"image\":{\"@id\":\"https:\/\/velabrava.cat\/es\/salidas-en-velero-y-patron#primaryimage\"},\"thumbnailUrl\":\"https:\/\/velabrava.cat\/wp-content\/uploads\/2024\/07\/vela-brava-veler-home.jpg\",\"datePublished\":\"2024-07-16T10:24:05+00:00\",\"dateModified\":\"2024-09-23T15:51:57+00:00\",\"breadcrumb\":{\"@id\":\"https:\/\/velabrava.cat\/es\/salidas-en-velero-y-patron#breadcrumb\"},\"inLanguage\":\"es\",\"potentialAction\":[{\"@type\":\"ReadAction\",\"target\":[\"https:\/\/velabrava.cat\/es\/salidas-en-velero-y-patron\"]}]},{\"@type\":\"ImageObject\",\"inLanguage\":\"es\",\"@id\":\"https:\/\/velabrava.cat\/es\/salidas-en-velero-y-patron#primaryimage\",\"url\":\"https:\/\/velabrava.cat\/wp-content\/uploads\/2024\/07\/vela-brava-veler-home.jpg\",\"contentUrl\":\"https:\/\/velabrava.cat\/wp-content\/uploads\/2024\/07\/vela-brava-veler-home.jpg\"},{\"@type\":\"BreadcrumbList\",\"@id\":\"https:\/\/velabrava.cat\/es\/salidas-en-velero-y-patron#breadcrumb\",\"itemListElement\":[{\"@type\":\"ListItem\",\"position\":1,\"name\":\"Portada\",\"item\":\"https:\/\/velabrava.cat\/es\"},{\"@type\":\"ListItem\",\"position\":2,\"name\":\"Salidas en velero y patr\u00f3n\"}]},{\"@type\":\"WebSite\",\"@id\":\"https:\/\/velabrava.cat\/es#website\",\"url\":\"https:\/\/velabrava.cat\/es\",\"name\":\"Vela Brava\",\"description\":\"Lloguer de veler amb patr\u00f3\",\"publisher\":{\"@id\":\"https:\/\/velabrava.cat\/es#organization\"},\"potentialAction\":[{\"@type\":\"SearchAction\",\"target\":{\"@type\":\"EntryPoint\",\"urlTemplate\":\"https:\/\/velabrava.cat\/es?s={search_term_string}\"},\"query-input\":{\"@type\":\"PropertyValueSpecification\",\"valueRequired\":true,\"valueName\":\"search_term_string\"}}],\"inLanguage\":\"es\"},{\"@type\":\"Organization\",\"@id\":\"https:\/\/velabrava.cat\/es#organization\",\"name\":\"Vela Brava\",\"url\":\"https:\/\/velabrava.cat\/es\",\"logo\":{\"@type\":\"ImageObject\",\"inLanguage\":\"es\",\"@id\":\"https:\/\/velabrava.cat\/es#\/schema\/logo\/image\/\",\"url\":\"https:\/\/velabrava.cat\/wp-content\/uploads\/2024\/07\/logo-velabrava.jpg\",\"contentUrl\":\"https:\/\/velabrava.cat\/wp-content\/uploads\/2024\/07\/logo-velabrava.jpg\",\"width\":417,\"height\":442,\"caption\":\"Vela Brava\"},\"image\":{\"@id\":\"https:\/\/velabrava.cat\/es#\/schema\/logo\/image\/\"},\"sameAs\":[\"https:\/\/www.instagram.com\/vela_brava\/?hl=en\",\"https:\/\/wa.me\/34690738188\"]}]}<\/script>\n<!-- \/ Yoast SEO plugin. -->","yoast_head_json":{"title":"Salidas en velero y patr\u00f3n - Vela Brava","robots":{"index":"index","follow":"follow","max-snippet":"max-snippet:-1","max-image-preview":"max-image-preview:large","max-video-preview":"max-video-preview:-1"},"canonical":"https:\/\/velabrava.cat\/es\/salidas-en-velero-y-patron","og_locale":"es_ES","og_type":"article","og_title":"Salidas en velero y patr\u00f3n - Vela Brava","og_description":"Saliendo de nuestro puerto base, el Port de la Selva, izaremos velas y pondremos rumbo a los diferentes rincones que se esconden en el ...","og_url":"https:\/\/velabrava.cat\/es\/salidas-en-velero-y-patron","og_site_name":"Vela Brava","article_modified_time":"2024-09-23T15:51:57+00:00","og_image":[{"url":"https:\/\/velabrava.cat\/wp-content\/uploads\/2024\/07\/vela-brava-veler-home.jpg"}],"twitter_card":"summary_large_image","twitter_misc":{"Tiempo de lectura":"3 minutos"},"schema":{"@context":"https:\/\/schema.org","@graph":[{"@type":"WebPage","@id":"https:\/\/velabrava.cat\/es\/salidas-en-velero-y-patron","url":"https:\/\/velabrava.cat\/es\/salidas-en-velero-y-patron","name":"Salidas en velero y patr\u00f3n - Vela Brava","isPartOf":{"@id":"https:\/\/velabrava.cat\/es#website"},"primaryImageOfPage":{"@id":"https:\/\/velabrava.cat\/es\/salidas-en-velero-y-patron#primaryimage"},"image":{"@id":"https:\/\/velabrava.cat\/es\/salidas-en-velero-y-patron#primaryimage"},"thumbnailUrl":"https:\/\/velabrava.cat\/wp-content\/uploads\/2024\/07\/vela-brava-veler-home.jpg","datePublished":"2024-07-16T10:24:05+00:00","dateModified":"2024-09-23T15:51:57+00:00","breadcrumb":{"@id":"https:\/\/velabrava.cat\/es\/salidas-en-velero-y-patron#breadcrumb"},"inLanguage":"es","potentialAction":[{"@type":"ReadAction","target":["https:\/\/velabrava.cat\/es\/salidas-en-velero-y-patron"]}]},{"@type":"ImageObject","inLanguage":"es","@id":"https:\/\/velabrava.cat\/es\/salidas-en-velero-y-patron#primaryimage","url":"https:\/\/velabrava.cat\/wp-content\/uploads\/2024\/07\/vela-brava-veler-home.jpg","contentUrl":"https:\/\/velabrava.cat\/wp-content\/uploads\/2024\/07\/vela-brava-veler-home.jpg"},{"@type":"BreadcrumbList","@id":"https:\/\/velabrava.cat\/es\/salidas-en-velero-y-patron#breadcrumb","itemListElement":[{"@type":"ListItem","position":1,"name":"Portada","item":"https:\/\/velabrava.cat\/es"},{"@type":"ListItem","position":2,"name":"Salidas en velero y patr\u00f3n"}]},{"@type":"WebSite","@id":"https:\/\/velabrava.cat\/es#website","url":"https:\/\/velabrava.cat\/es","name":"Vela Brava","description":"Lloguer de veler amb patr\u00f3","publisher":{"@id":"https:\/\/velabrava.cat\/es#organization"},"potentialAction":[{"@type":"SearchAction","target":{"@type":"EntryPoint","urlTemplate":"https:\/\/velabrava.cat\/es?s={search_term_string}"},"query-input":{"@type":"PropertyValueSpecification","valueRequired":true,"valueName":"search_term_string"}}],"inLanguage":"es"},{"@type":"Organization","@id":"https:\/\/velabrava.cat\/es#organization","name":"Vela Brava","url":"https:\/\/velabrava.cat\/es","logo":{"@type":"ImageObject","inLanguage":"es","@id":"https:\/\/velabrava.cat\/es#\/schema\/logo\/image\/","url":"https:\/\/velabrava.cat\/wp-content\/uploads\/2024\/07\/logo-velabrava.jpg","contentUrl":"https:\/\/velabrava.cat\/wp-content\/uploads\/2024\/07\/logo-velabrava.jpg","width":417,"height":442,"caption":"Vela Brava"},"image":{"@id":"https:\/\/velabrava.cat\/es#\/schema\/logo\/image\/"},"sameAs":["https:\/\/www.instagram.com\/vela_brava\/?hl=en","https:\/\/wa.me\/34690738188"]}]}},"_links":{"self":[{"href":"https:\/\/velabrava.cat\/es\/wp-json\/wp\/v2\/pages\/668","targetHints":{"allow":["GET"]}}],"collection":[{"href":"https:\/\/velabrava.cat\/es\/wp-json\/wp\/v2\/pages"}],"about":[{"href":"https:\/\/velabrava.cat\/es\/wp-json\/wp\/v2\/types\/page"}],"author":[{"embeddable":true,"href":"https:\/\/velabrava.cat\/es\/wp-json\/wp\/v2\/users\/1"}],"replies":[{"embeddable":true,"href":"https:\/\/velabrava.cat\/es\/wp-json\/wp\/v2\/comments?post=668"}],"version-history":[{"count":5,"href":"https:\/\/velabrava.cat\/es\/wp-json\/wp\/v2\/pages\/668\/revisions"}],"predecessor-version":[{"id":810,"href":"https:\/\/velabrava.cat\/es\/wp-json\/wp\/v2\/pages\/668\/revisions\/810"}],"wp:attachment":[{"href":"https:\/\/velabrava.cat\/es\/wp-json\/wp\/v2\/media?parent=668"}],"curies":[{"name":"wp","href":"https:\/\/api.w.org\/{rel}","templated":true}]}}