{"id":674,"date":"2024-07-16T12:25:28","date_gmt":"2024-07-16T10:25:28","guid":{"rendered":"https:\/\/velabrava.cat\/contacte"},"modified":"2024-09-20T11:54:13","modified_gmt":"2024-09-20T09:54:13","slug":"contacto","status":"publish","type":"page","link":"https:\/\/velabrava.cat\/es\/contacto","title":{"rendered":"Contacto"},"content":{"rendered":"\n<div class=\"wp-block-columns is-layout-flex wp-container-core-columns-is-layout-28f84493 wp-block-columns-is-layout-flex\">\n<div class=\"wp-block-column is-layout-flow wp-block-column-is-layout-flow\">\n<h2 class=\"wp-block-heading\">Informaci\u00f3n de contacto y reservas<\/h2>\n\n\n\n<p><strong>Vela Brava<\/strong> <strong>&#8211; Salidas en velero y patr\u00f3n<\/strong><\/p>\n\n\n\n<p><strong>Hug Gallart Mendez<br\/><\/strong>Carrer de la Lloia, S\/N, <br\/>17489 El Port de la Selva <br\/>Girona<\/p>\n\n\n\n<div class=\"wp-block-columns is-layout-flex wp-container-core-columns-is-layout-f3014b2e wp-block-columns-is-layout-flex\" style=\"padding-top:0;padding-right:0;padding-bottom:0;padding-left:0\">\n<div class=\"wp-block-column is-layout-flow wp-container-core-column-is-layout-92d440f1 wp-block-column-is-layout-flow\" style=\"padding-top:0;padding-bottom:0\">\n<div class=\"su-button-center\"><a href=\"mailto:bravavela@gmail.com\" class=\"su-button su-button-style-flat su-button-wide\" style=\"color:#FFFFFF;background-color:#0F2355;border-color:#0c1c44;border-radius:40px\" target=\"_blank\" rel=\"noopener noreferrer\"><span style=\"color:#FFFFFF;padding:7px 20px;font-size:16px;line-height:24px;border-color:#576588;border-radius:40px;text-shadow:none\"><i class=\"sui sui-envelope-o\" style=\"font-size:16px;color:#FFFFFF\"><\/i> Email<\/span><\/a><\/div>\n<\/div>\n\n\n\n<div class=\"wp-block-column is-layout-flow wp-block-column-is-layout-flow\">\n<div class=\"su-button-center\"><a href=\"tel:690738188\" class=\"su-button su-button-style-default su-button-wide\" style=\"color:#0F2355;background-color:#f2f2f2;border-color:#c2c2c2;border-radius:40px\" target=\"_blank\" rel=\"noopener noreferrer\"><span style=\"color:#0F2355;padding:7px 20px;font-size:16px;line-height:24px;border-color:#f6f6f6;border-radius:40px;text-shadow:none\"><i class=\"sui sui-phone\" style=\"font-size:16px;color:#0F2355\"><\/i> Tel\u00e9fono<\/span><\/a><\/div>\n<\/div>\n\n\n\n<div class=\"wp-block-column is-layout-flow wp-block-column-is-layout-flow\">\n<div class=\"su-button-center\"><a href=\"https:\/\/www.instagram.com\/vela_brava\/?hl=en\" class=\"su-button su-button-style-flat su-button-wide\" style=\"color:#FFFFFF;background-color:#0F2355;border-color:#0c1c44;border-radius:40px\" target=\"_blank\" rel=\"noopener noreferrer\"><span style=\"color:#FFFFFF;padding:7px 20px;font-size:16px;line-height:24px;border-color:#576588;border-radius:40px;text-shadow:none\"><i class=\"sui sui-instagram\" style=\"font-size:16px;color:#FFFFFF\"><\/i> Instagram<\/span><\/a><\/div>\n<\/div>\n<\/div>\n\n\n\n<div style=\"height:5px\" aria-hidden=\"true\" class=\"wp-block-spacer\"><\/div>\n\n\n\n<h2 class=\"wp-block-heading\">C\u00f3mo llegar<\/h2>\n\n\n\n<p>Formas de llegar en transporte p\u00fablico:<\/p>\n\n\n\n<ol class=\"wp-block-list\">\r\n<li><img data-image-position=\"1\" decoding=\"async\" style src=\"https:\/\/fonts.gstatic.com\/s\/e\/notoemoji\/15.1\/1f686\/32.png\" alt=\"\ud83d\ude86\" class=\"fy-content__image fy-content__image\" fetchpriority=\"high\"><div class=\"fy-image-loading fy-image-loading--skeleton\" aria-hidden=\"true\"><\/div><div class=\"fy-image-loading fy-image-loading--skeleton\" aria-hidden=\"true\"><\/div> Renfe hasta Llan\u00e7\u00e0: <a href=\"https:\/\/rodalies.gencat.cat\/es\/horaris\/index.html\" target=\"_blank\" rel=\"noreferrer noopener\">Horarios Renfe Cercan\u00edas<\/a><\/li>\r\n<li style=\"margin:10px 0;\" class=\"lazy-loaded\"><img decoding=\"async\" style src=\"https:\/\/fonts.gstatic.com\/s\/e\/notoemoji\/15.1\/1f68d\/32.png\" alt=\"\ud83d\ude8d\" class=\"fy-content__image fy-lazy js-lazy lazy-entered lazy-loaded fy-content__image fy-lazy js-lazy\" data-src=\"https:\/\/fonts.gstatic.com\/s\/e\/notoemoji\/15.1\/1f68d\/32.png\" fetchpriority=\"low\" data-ll-status=\"loaded\"><div class=\"fy-image-loading fy-image-loading--skeleton\" aria-hidden=\"true\"><\/div><div class=\"fy-image-loading fy-image-loading--skeleton\" aria-hidden=\"true\"><\/div> Autob\u00fas hasta Port de la Selva: <a href=\"https:\/\/www.horarios.info\/buscar\/horario-transporte\" target=\"_blank\" rel=\"noreferrer noopener\">Horarios Bus<\/a><\/li>\r\n<\/ol>\r\n\n\n\n<p><img decoding=\"async\" style src=\"https:\/\/fonts.gstatic.com\/s\/e\/notoemoji\/15.1\/1f697\/32.png\" alt=\"&#x1F697;\" class=\"fy-content__image fy-lazy js-lazy\" data-src=\"https:\/\/fonts.gstatic.com\/s\/e\/notoemoji\/15.1\/1f697\/32.png\" fetchpriority=\"low\"><div class=\"fy-image-loading fy-image-loading--skeleton\" aria-hidden=\"true\"><\/div> Con vehiculo particular:<\/p>\n\n\n\n<ul class=\"wp-block-list\">\n<li>Enlace de <a href=\"https:\/\/www.google.es\/maps\/place\/VelaBrava\/@42.3414996,3.2011631,19.07z\/data=!4m14!1m7!3m6!1s0x12ba64c904ac9b63:0xabdc5915c1d9d675!2sClub+N%C3%A0utic+Port+de+la+Selva!8m2!3d42.3418006!4d3.2024066!16s%2Fg%2F11cnc9kq7y!3m5!1s0x12ba6534d533ae55:0x34640cbc9a4f9f94!8m2!3d42.3413606!4d3.2016117!16s%2Fg%2F11s8bc39bx?hl=es&amp;entry=ttu\" target=\"_blank\" rel=\"noreferrer noopener\">Google Maps<\/a><\/li>\n<\/ul>\n<\/div>\n\n\n\n<div class=\"wp-block-column fy-form is-layout-flow wp-block-column-is-layout-flow\">\n<div class=\"wp-block-columns is-layout-flex wp-container-core-columns-is-layout-ec2e7a44 wp-block-columns-is-layout-flex\" style=\"padding-top:0;padding-bottom:0\">\n<div class=\"wp-block-column is-vertically-aligned-top is-layout-flow wp-block-column-is-layout-flow\">\n<h2 class=\"wp-block-heading has-text-align-left\" id=\"contact-form\">Formulario de contacto<\/h2>\n\n\n\n<div class=\"wp-block-contact-form-7-contact-form-selector\">\n<div class=\"wpcf7 no-js\" id=\"wpcf7-f783-o1\" lang=\"es-ES\" dir=\"ltr\">\n<div class=\"screen-reader-response\"><p role=\"status\" aria-live=\"polite\" aria-atomic=\"true\"><\/p> <ul><\/ul><\/div>\n<form action=\"\/es\/wp-json\/wp\/v2\/pages\/674#wpcf7-f783-o1\" method=\"post\" class=\"wpcf7-form init\" aria-label=\"Contact form\" novalidate=\"novalidate\" data-status=\"init\">\n<div style=\"display: none;\">\n<input type=\"hidden\" name=\"_wpcf7\" value=\"783\" \/>\n<input type=\"hidden\" name=\"_wpcf7_version\" value=\"5.9.8\" \/>\n<input type=\"hidden\" name=\"_wpcf7_locale\" value=\"es_ES\" \/>\n<input type=\"hidden\" name=\"_wpcf7_unit_tag\" value=\"wpcf7-f783-o1\" \/>\n<input type=\"hidden\" name=\"_wpcf7_container_post\" value=\"0\" \/>\n<input type=\"hidden\" name=\"_wpcf7_posted_data_hash\" value=\"\" \/>\n<input type=\"hidden\" name=\"_wpcf7_recaptcha_response\" value=\"\" \/>\n<\/div>\n<p><label> Nombre y apellidos<br \/>\n<span class=\"wpcf7-form-control-wrap\" data-name=\"your-name\"><input size=\"40\" maxlength=\"400\" class=\"wpcf7-form-control wpcf7-text wpcf7-validates-as-required\" autocomplete=\"name\" aria-required=\"true\" aria-invalid=\"false\" value=\"\" type=\"text\" name=\"your-name\" \/><\/span> <\/label>\n<\/p>\n<p><label> Correo electr\u00f3nico<br \/>\n<span class=\"wpcf7-form-control-wrap\" data-name=\"your-email\"><input size=\"40\" maxlength=\"400\" class=\"wpcf7-form-control wpcf7-email wpcf7-validates-as-required wpcf7-text wpcf7-validates-as-email\" autocomplete=\"email\" aria-required=\"true\" aria-invalid=\"false\" value=\"\" type=\"email\" name=\"your-email\" \/><\/span> <\/label>\n<\/p>\n<p><label>Tel\u00e9fono<br \/>\n<span class=\"wpcf7-form-control-wrap\" data-name=\"telefon\"><input size=\"40\" maxlength=\"400\" class=\"wpcf7-form-control wpcf7-text wpcf7-validates-as-required\" aria-required=\"true\" aria-invalid=\"false\" value=\"\" type=\"text\" name=\"telefon\" \/><\/span><\/label>\n<\/p>\n<p><label>Elige la salida que te gustar\u00eda realizar<br \/>\n<span class=\"wpcf7-form-control-wrap\" data-name=\"sortida\"><select class=\"wpcf7-form-control wpcf7-select\" aria-invalid=\"false\" name=\"sortida\"><option value=\"\">- Por favor selecciona una opci\u00f3n -<\/option><option value=\"Medio d\u00eda\">Medio d\u00eda<\/option><option value=\"Puesta de sol\">Puesta de sol<\/option><option value=\"Dia entero\">Dia entero<\/option><\/select><\/span><\/label>\n<\/p>\n<p><label> Mensaje<br \/>\n<span class=\"wpcf7-form-control-wrap\" data-name=\"your-message\"><textarea cols=\"40\" rows=\"10\" maxlength=\"2000\" class=\"wpcf7-form-control wpcf7-textarea wpcf7-validates-as-required\" aria-required=\"true\" aria-invalid=\"false\" placeholder=\"Indica el d\u00eda y la hora que te interese. Tambi\u00e9n el n\u00famero de personas y te informamos de la disponibilidad\" name=\"your-message\"><\/textarea><\/span> <\/label><br \/>\n<span class=\"wpcf7-form-control-wrap\" data-name=\"acceptance-638\"><span class=\"wpcf7-form-control wpcf7-acceptance\"><span class=\"wpcf7-list-item\"><label><input type=\"checkbox\" name=\"acceptance-638\" value=\"1\" aria-invalid=\"false\" \/><span class=\"wpcf7-list-item-label\">He le\u00eddo y acepto la <a href=\"\/es\/politica-de-privacidad\" target=\"_blank\">Pol\u00edtica de privacidad<\/a><\/span><\/label><\/span><\/span><\/span>\n<\/p>\n<p><input class=\"wpcf7-form-control wpcf7-submit has-spinner\" type=\"submit\" value=\"Enviar\" \/>\n<\/p><div class=\"wpcf7-response-output\" aria-hidden=\"true\"><\/div>\n<\/form>\n<\/div>\n<\/div>\r\n<\/div>\n<\/div>\n<\/div>\n<\/div>\n\n<div class=\"wp-block-columns alignfull is-layout-flex wp-container-core-columns-is-layout-28f84493 wp-block-columns-is-layout-flex\">\n<div class=\"wp-block-column is-layout-flow wp-block-column-is-layout-flow\">\n<iframe src=\"https:\/\/www.google.com\/maps\/embed?pb=!1m14!1m8!1m3!1d737.2620044923444!2d3.2011631!3d42.3414996!3m2!1i1024!2i768!4f13.1!3m3!1m2!1s0x12ba6534d533ae55%3A0x34640cbc9a4f9f94!2sVelaBrava!5e0!3m2!1ses!2ses!4v1721138219009!5m2!1ses!2ses\" width=\"600\" height=\"450\" style=\"border:0;\" allowfullscreen=\"\" loading=\"lazy\" referrerpolicy=\"no-referrer-when-downgrade\"><\/iframe>\r\n<\/div>\n<\/div>\n","protected":false},"excerpt":{"rendered":"<p>Informaci\u00f3n de contacto y reservas Vela Brava &#8211; Salidas en velero y patr\u00f3n Hug Gallart MendezCarrer de la Lloia, S\/N, 17489 El Port de &#8230;<\/p>\n","protected":false},"author":1,"featured_media":0,"parent":0,"menu_order":0,"comment_status":"closed","ping_status":"closed","template":"","meta":{"_joinchat":[],"footnotes":""},"class_list":["post-674","page","type-page","status-publish","hentry"],"yoast_head":"<!-- This site is optimized with the Yoast SEO plugin v23.5 - https:\/\/yoast.com\/wordpress\/plugins\/seo\/ -->\n<title>Contacto - Vela Brava<\/title>\n<meta name=\"robots\" content=\"index, follow, max-snippet:-1, max-image-preview:large, max-video-preview:-1\" \/>\n<link rel=\"canonical\" href=\"https:\/\/velabrava.cat\/es\/contacto\" \/>\n<meta property=\"og:locale\" content=\"es_ES\" \/>\n<meta property=\"og:type\" content=\"article\" \/>\n<meta property=\"og:title\" content=\"Contacto - Vela Brava\" \/>\n<meta property=\"og:description\" content=\"Informaci\u00f3n de contacto y reservas Vela Brava &#8211; Salidas en velero y patr\u00f3n Hug Gallart MendezCarrer de la Lloia, S\/N, 17489 El Port de ...\" \/>\n<meta property=\"og:url\" content=\"https:\/\/velabrava.cat\/es\/contacto\" \/>\n<meta property=\"og:site_name\" content=\"Vela Brava\" \/>\n<meta property=\"article:modified_time\" content=\"2024-09-20T09:54:13+00:00\" \/>\n<meta property=\"og:image\" content=\"https:\/\/fonts.gstatic.com\/s\/e\/notoemoji\/15.1\/1f686\/32.png\" \/>\n<meta name=\"twitter:card\" content=\"summary_large_image\" \/>\n<meta name=\"twitter:label1\" content=\"Tiempo de lectura\" \/>\n\t<meta name=\"twitter:data1\" content=\"2 minutos\" \/>\n<script type=\"application\/ld+json\" class=\"yoast-schema-graph\">{\"@context\":\"https:\/\/schema.org\",\"@graph\":[{\"@type\":\"WebPage\",\"@id\":\"https:\/\/velabrava.cat\/es\/contacto\",\"url\":\"https:\/\/velabrava.cat\/es\/contacto\",\"name\":\"Contacto - Vela Brava\",\"isPartOf\":{\"@id\":\"https:\/\/velabrava.cat\/es#website\"},\"primaryImageOfPage\":{\"@id\":\"https:\/\/velabrava.cat\/es\/contacto#primaryimage\"},\"image\":{\"@id\":\"https:\/\/velabrava.cat\/es\/contacto#primaryimage\"},\"thumbnailUrl\":\"https:\/\/fonts.gstatic.com\/s\/e\/notoemoji\/15.1\/1f686\/32.png\",\"datePublished\":\"2024-07-16T10:25:28+00:00\",\"dateModified\":\"2024-09-20T09:54:13+00:00\",\"breadcrumb\":{\"@id\":\"https:\/\/velabrava.cat\/es\/contacto#breadcrumb\"},\"inLanguage\":\"es\",\"potentialAction\":[{\"@type\":\"ReadAction\",\"target\":[\"https:\/\/velabrava.cat\/es\/contacto\"]}]},{\"@type\":\"ImageObject\",\"inLanguage\":\"es\",\"@id\":\"https:\/\/velabrava.cat\/es\/contacto#primaryimage\",\"url\":\"https:\/\/fonts.gstatic.com\/s\/e\/notoemoji\/15.1\/1f686\/32.png\",\"contentUrl\":\"https:\/\/fonts.gstatic.com\/s\/e\/notoemoji\/15.1\/1f686\/32.png\"},{\"@type\":\"BreadcrumbList\",\"@id\":\"https:\/\/velabrava.cat\/es\/contacto#breadcrumb\",\"itemListElement\":[{\"@type\":\"ListItem\",\"position\":1,\"name\":\"Portada\",\"item\":\"https:\/\/velabrava.cat\/es\"},{\"@type\":\"ListItem\",\"position\":2,\"name\":\"Contacto\"}]},{\"@type\":\"WebSite\",\"@id\":\"https:\/\/velabrava.cat\/es#website\",\"url\":\"https:\/\/velabrava.cat\/es\",\"name\":\"Vela Brava\",\"description\":\"Lloguer de veler amb patr\u00f3\",\"publisher\":{\"@id\":\"https:\/\/velabrava.cat\/es#organization\"},\"potentialAction\":[{\"@type\":\"SearchAction\",\"target\":{\"@type\":\"EntryPoint\",\"urlTemplate\":\"https:\/\/velabrava.cat\/es?s={search_term_string}\"},\"query-input\":{\"@type\":\"PropertyValueSpecification\",\"valueRequired\":true,\"valueName\":\"search_term_string\"}}],\"inLanguage\":\"es\"},{\"@type\":\"Organization\",\"@id\":\"https:\/\/velabrava.cat\/es#organization\",\"name\":\"Vela Brava\",\"url\":\"https:\/\/velabrava.cat\/es\",\"logo\":{\"@type\":\"ImageObject\",\"inLanguage\":\"es\",\"@id\":\"https:\/\/velabrava.cat\/es#\/schema\/logo\/image\/\",\"url\":\"https:\/\/velabrava.cat\/wp-content\/uploads\/2024\/07\/logo-velabrava.jpg\",\"contentUrl\":\"https:\/\/velabrava.cat\/wp-content\/uploads\/2024\/07\/logo-velabrava.jpg\",\"width\":417,\"height\":442,\"caption\":\"Vela Brava\"},\"image\":{\"@id\":\"https:\/\/velabrava.cat\/es#\/schema\/logo\/image\/\"},\"sameAs\":[\"https:\/\/www.instagram.com\/vela_brava\/?hl=en\",\"https:\/\/wa.me\/34690738188\"]}]}<\/script>\n<!-- \/ Yoast SEO plugin. -->","yoast_head_json":{"title":"Contacto - Vela Brava","robots":{"index":"index","follow":"follow","max-snippet":"max-snippet:-1","max-image-preview":"max-image-preview:large","max-video-preview":"max-video-preview:-1"},"canonical":"https:\/\/velabrava.cat\/es\/contacto","og_locale":"es_ES","og_type":"article","og_title":"Contacto - Vela Brava","og_description":"Informaci\u00f3n de contacto y reservas Vela Brava &#8211; Salidas en velero y patr\u00f3n Hug Gallart MendezCarrer de la Lloia, S\/N, 17489 El Port de ...","og_url":"https:\/\/velabrava.cat\/es\/contacto","og_site_name":"Vela Brava","article_modified_time":"2024-09-20T09:54:13+00:00","og_image":[{"url":"https:\/\/fonts.gstatic.com\/s\/e\/notoemoji\/15.1\/1f686\/32.png"}],"twitter_card":"summary_large_image","twitter_misc":{"Tiempo de lectura":"2 minutos"},"schema":{"@context":"https:\/\/schema.org","@graph":[{"@type":"WebPage","@id":"https:\/\/velabrava.cat\/es\/contacto","url":"https:\/\/velabrava.cat\/es\/contacto","name":"Contacto - Vela Brava","isPartOf":{"@id":"https:\/\/velabrava.cat\/es#website"},"primaryImageOfPage":{"@id":"https:\/\/velabrava.cat\/es\/contacto#primaryimage"},"image":{"@id":"https:\/\/velabrava.cat\/es\/contacto#primaryimage"},"thumbnailUrl":"https:\/\/fonts.gstatic.com\/s\/e\/notoemoji\/15.1\/1f686\/32.png","datePublished":"2024-07-16T10:25:28+00:00","dateModified":"2024-09-20T09:54:13+00:00","breadcrumb":{"@id":"https:\/\/velabrava.cat\/es\/contacto#breadcrumb"},"inLanguage":"es","potentialAction":[{"@type":"ReadAction","target":["https:\/\/velabrava.cat\/es\/contacto"]}]},{"@type":"ImageObject","inLanguage":"es","@id":"https:\/\/velabrava.cat\/es\/contacto#primaryimage","url":"https:\/\/fonts.gstatic.com\/s\/e\/notoemoji\/15.1\/1f686\/32.png","contentUrl":"https:\/\/fonts.gstatic.com\/s\/e\/notoemoji\/15.1\/1f686\/32.png"},{"@type":"BreadcrumbList","@id":"https:\/\/velabrava.cat\/es\/contacto#breadcrumb","itemListElement":[{"@type":"ListItem","position":1,"name":"Portada","item":"https:\/\/velabrava.cat\/es"},{"@type":"ListItem","position":2,"name":"Contacto"}]},{"@type":"WebSite","@id":"https:\/\/velabrava.cat\/es#website","url":"https:\/\/velabrava.cat\/es","name":"Vela Brava","description":"Lloguer de veler amb patr\u00f3","publisher":{"@id":"https:\/\/velabrava.cat\/es#organization"},"potentialAction":[{"@type":"SearchAction","target":{"@type":"EntryPoint","urlTemplate":"https:\/\/velabrava.cat\/es?s={search_term_string}"},"query-input":{"@type":"PropertyValueSpecification","valueRequired":true,"valueName":"search_term_string"}}],"inLanguage":"es"},{"@type":"Organization","@id":"https:\/\/velabrava.cat\/es#organization","name":"Vela Brava","url":"https:\/\/velabrava.cat\/es","logo":{"@type":"ImageObject","inLanguage":"es","@id":"https:\/\/velabrava.cat\/es#\/schema\/logo\/image\/","url":"https:\/\/velabrava.cat\/wp-content\/uploads\/2024\/07\/logo-velabrava.jpg","contentUrl":"https:\/\/velabrava.cat\/wp-content\/uploads\/2024\/07\/logo-velabrava.jpg","width":417,"height":442,"caption":"Vela Brava"},"image":{"@id":"https:\/\/velabrava.cat\/es#\/schema\/logo\/image\/"},"sameAs":["https:\/\/www.instagram.com\/vela_brava\/?hl=en","https:\/\/wa.me\/34690738188"]}]}},"_links":{"self":[{"href":"https:\/\/velabrava.cat\/es\/wp-json\/wp\/v2\/pages\/674","targetHints":{"allow":["GET"]}}],"collection":[{"href":"https:\/\/velabrava.cat\/es\/wp-json\/wp\/v2\/pages"}],"about":[{"href":"https:\/\/velabrava.cat\/es\/wp-json\/wp\/v2\/types\/page"}],"author":[{"embeddable":true,"href":"https:\/\/velabrava.cat\/es\/wp-json\/wp\/v2\/users\/1"}],"replies":[{"embeddable":true,"href":"https:\/\/velabrava.cat\/es\/wp-json\/wp\/v2\/comments?post=674"}],"version-history":[{"count":2,"href":"https:\/\/velabrava.cat\/es\/wp-json\/wp\/v2\/pages\/674\/revisions"}],"predecessor-version":[{"id":676,"href":"https:\/\/velabrava.cat\/es\/wp-json\/wp\/v2\/pages\/674\/revisions\/676"}],"wp:attachment":[{"href":"https:\/\/velabrava.cat\/es\/wp-json\/wp\/v2\/media?parent=674"}],"curies":[{"name":"wp","href":"https:\/\/api.w.org\/{rel}","templated":true}]}}