{"id":678,"date":"2024-07-16T12:25:11","date_gmt":"2024-07-16T10:25:11","guid":{"rendered":"https:\/\/velabrava.cat\/parc-natural-del-cap-de-creus"},"modified":"2025-06-24T13:06:20","modified_gmt":"2025-06-24T11:06:20","slug":"parque-natural-del-cap-de-creus","status":"publish","type":"page","link":"https:\/\/velabrava.cat\/es\/parque-natural-del-cap-de-creus","title":{"rendered":"Parque Natural del Cap de Creus"},"content":{"rendered":"\n<div class=\"wp-block-columns is-layout-flex wp-container-core-columns-is-layout-28f84493 wp-block-columns-is-layout-flex\">\n<div class=\"wp-block-column is-vertically-aligned-center is-layout-flow wp-block-column-is-layout-flow\">\n<p>El <strong>Parque Natural de Cap de Creus<\/strong> es el primer <strong>parque natural mar\u00edtimo-terrestre<\/strong> de Catalu\u00f1a. Sus numerosos valores naturales y culturales se protegen a trav\u00e9s de distintas figuras, en funci\u00f3n de la importancia de la zona. Una de las figuras des las que disfruta es la de m\u00e1xima protecci\u00f3n en Catalu\u00f1a: la <strong>Reserva Natural Integral<\/strong>.<\/p>\n\n\n\n<p>El Parque tiene dos de las cuatro reservas naturales integrales que hay en toda Catalu\u00f1a: la del <strong>Cap de Creus<\/strong>, en el t\u00e9rmino municipal de Cadaqu\u00e9s, y la del <strong>Cap Norfeu<\/strong>, en el municipio de Roses. Para garantizar la m\u00e1xima preservaci\u00f3n de estos lugares \u00fanicos y singulares, en las reservas naturales integrales, no se puede salir de los itinerarios habilitados por el Parque.<\/p>\n\n\n\n<p>Por la costa tiene su inicio en el cabo de la Falconera, terminada la bah\u00eda de Roses y el final en la playa Tamariua, donde poco despu\u00e9s comienza la bah\u00eda del Port de la Selva.<\/p>\n\n\n\n<p>Tiene una gran diversidad de Fauna y Flora protegida y preservada gracias a la creaci\u00f3n del Parque natural en 1998.<\/p>\n\n\n\n<p>Para preservar el Parque y controlar su acceso existe una regulaci\u00f3n que se aplica dependiendo de la \u00e9poca del a\u00f1o, a continuaci\u00f3n os dejamos un enlace con toda la informaci\u00f3n al respecto: <a href=\"https:\/\/parcsnaturals .gencat.cat\/web\/.content\/Xarxa-de-parcs\/cap_de_creus\/disfruta-parc\/com-accedir\/ES-FAQS_regulacionRNICapdeCreus.pdf\" target=\"_blank\" rel=\"noreferrer noopener\">Informaci\u00f3n Cap de Creus <\/a><\/p>\n<\/div>\n\n\n\n<div class=\"wp-block-column is-vertically-aligned-center is-layout-flow wp-block-column-is-layout-flow\">\n<figure data-wp-context=\"{&quot;imageId&quot;:&quot;69ed14d4799fa&quot;}\" data-wp-interactive=\"core\/image\" data-wp-key=\"69ed14d4799fa\" class=\"wp-block-image size-large wp-lightbox-container\"><img decoding=\"async\" width=\"1024\" height=\"847\" data-image-position=\"1\" data-wp-class--hide=\"state.isContentHidden\" data-wp-class--show=\"state.isContentVisible\" data-wp-init=\"callbacks.setButtonStyles\" data-wp-on--click=\"actions.showLightbox\" data-wp-on--load=\"callbacks.setButtonStyles\" data-wp-on-window--resize=\"callbacks.setButtonStyles\" src=\"https:\/\/velabrava.cat\/wp-content\/uploads\/2024\/07\/cap-de-creus-reserves-naturals-1024x847.jpg\" alt=\"Parque Natural del Cap de Creus\" class=\"wp-image-178 fy-content__image\" srcset=\"https:\/\/velabrava.cat\/wp-content\/uploads\/2024\/07\/cap-de-creus-reserves-naturals-1024x847.jpg 1024w, https:\/\/velabrava.cat\/wp-content\/uploads\/2024\/07\/cap-de-creus-reserves-naturals-300x248.jpg 300w, https:\/\/velabrava.cat\/wp-content\/uploads\/2024\/07\/cap-de-creus-reserves-naturals-768x635.jpg 768w, https:\/\/velabrava.cat\/wp-content\/uploads\/2024\/07\/cap-de-creus-reserves-naturals-480x397.jpg 480w, https:\/\/velabrava.cat\/wp-content\/uploads\/2024\/07\/cap-de-creus-reserves-naturals.jpg 1078w\" sizes=\"(max-width: 1024px) 100vw, 1024px\" fetchpriority=\"high\"><div class=\"fy-image-loading fy-image-loading--skeleton\" aria-hidden=\"true\"><\/div><button\n\t\t\tclass=\"lightbox-trigger\"\n\t\t\ttype=\"button\"\n\t\t\taria-haspopup=\"dialog\"\n\t\t\taria-label=\"Agrandar\"\n\t\t\tdata-wp-init=\"callbacks.initTriggerButton\"\n\t\t\tdata-wp-on--click=\"actions.showLightbox\"\n\t\t\tdata-wp-style--right=\"state.imageButtonRight\"\n\t\t\tdata-wp-style--top=\"state.imageButtonTop\"\n\t\t>\n\t\t\t<svg xmlns=\"http:\/\/www.w3.org\/2000\/svg\" width=\"12\" height=\"12\" fill=\"none\" viewBox=\"0 0 12 12\">\n\t\t\t\t<path fill=\"#fff\" d=\"M2 0a2 2 0 0 0-2 2v2h1.5V2a.5.5 0 0 1 .5-.5h2V0H2Zm2 10.5H2a.5.5 0 0 1-.5-.5V8H0v2a2 2 0 0 0 2 2h2v-1.5ZM8 12v-1.5h2a.5.5 0 0 0 .5-.5V8H12v2a2 2 0 0 1-2 2H8Zm2-12a2 2 0 0 1 2 2v2h-1.5V2a.5.5 0 0 0-.5-.5H8V0h2Z\" \/>\n\t\t\t<\/svg>\n\t\t<\/button><\/figure>\n<\/div>\n<\/div>\n\n\n\n<div class=\"wp-block-columns is-layout-flex wp-container-core-columns-is-layout-28f84493 wp-block-columns-is-layout-flex\">\n<div class=\"wp-block-column is-layout-flow wp-block-column-is-layout-flow\">\n<iframe src=\"https:\/\/www.google.com\/maps\/embed?pb=!1m18!1m12!1m3!1d92675.16059530685!2d3.188207808417043!3d42.305874798345236!2m3!1f0!2f0!3f0!3m2!1i1024!2i768!4f13.1!3m3!1m2!1s0x12ba6f055a9fba9d%3A0x68488d1a79551ff4!2sParque%20Natural%20de%20Cabo%20de%20Creus!5e1!3m2!1ses!2ses!4v1721150756066!5m2!1ses!2ses\" width=\"auto\" height=\"600\" style=\"border:0;\" allowfullscreen=\"\" loading=\"lazy\" referrerpolicy=\"no-referrer-when-downgrade\"><\/iframe>\n<\/div>\n<\/div>\n\n\n\n<div class=\"wp-block-cover alignfull is-light has-cnt-color has-text-color has-link-color wp-elements-38de5395d251713e0738f32ca50eeb35\" style=\"padding-top:var(--wp--preset--spacing--large);padding-bottom:var(--wp--preset--spacing--large);min-height:200px;aspect-ratio:unset;\"><span aria-hidden=\"true\" class=\"wp-block-cover__background has-background-dim-100 has-background-dim\" style=\"background-color:#ddf2ff\"><\/span><div class=\"wp-block-cover__inner-container is-layout-constrained wp-block-cover-is-layout-constrained\">\n<div class=\"wp-block-columns is-layout-flex wp-container-core-columns-is-layout-28f84493 wp-block-columns-is-layout-flex\">\n<div class=\"wp-block-column is-layout-flow wp-block-column-is-layout-flow\">\n<h2 class=\"wp-block-heading\" id=\"cets\">Carta Europea de Turismo Sostenible (CETS)<\/h2>\n\n\n\n<p>La <strong>Carta Europea de Turismo Sostenible<\/strong> en espacios naturales protegidos (CETS) es una iniciativa de la Federaci\u00f3n <strong>EUROPARQUE<\/strong>, organizaci\u00f3n que re\u00fane a <strong>Espacios Naturales Protegidos<\/strong> de 38 pa\u00edses europeos. EUROPARC es la entidad gestora que concede la adhesi\u00f3n a la CETS a los espacios protegidos, en los que verifica que existe un <strong>compromiso<\/strong> para aplicar los principios del <strong>turismo sostenible<\/strong>.<\/p>\n\n\n\n<h3 class=\"wp-block-heading\"><strong>Objetivos<\/strong><\/h3>\n\n\n\n<ul class=\"wp-block-list\">\n<li>Aumentar el conocimiento sobre el espacio protegido y apoyar, al mismo tiempo, su preservaci\u00f3n para que pueda ser disfrutado por las generaciones presentes y futuras.<\/li>\n\n\n\n<li>Mejorar el desarrollo sostenible y la gesti\u00f3n tur\u00edstica del espacio protegido y su \u00e1rea de influencia, teniendo en cuenta las necesidades del entorno, de la poblaci\u00f3n y las empresas locales y de los visitantes.<\/li>\n\n\n\n<li>Implicar a las empresas locales en un proyecto com\u00fan de turismo sostenible. Sin esta<br>implicaci\u00f3n, no hay proyecto CETS.<\/li>\n<\/ul>\n\n\n\n<div class=\"wp-block-buttons is-layout-flex wp-block-buttons-is-layout-flex\">\n<div class=\"wp-block-button is-style-outline is-style-outline--1\"><a class=\"wp-block-button__link wp-element-button\" href=\"https:\/\/parcsnaturals.gencat.cat\/ca\/detalls\/Article\/Carta-Europea-de-Turisme-Sostenible\" style=\"border-width:2px\">M\u00e1s informaci\u00f3n<\/a><\/div>\n<\/div>\n<\/div>\n<\/div>\n<\/div><\/div>\n","protected":false},"excerpt":{"rendered":"<p>El Parque Natural de Cap de Creus es el primer parque natural mar\u00edtimo-terrestre de Catalu\u00f1a. Sus numerosos valores naturales y culturales se protegen a &#8230;<\/p>\n","protected":false},"author":1,"featured_media":0,"parent":0,"menu_order":0,"comment_status":"closed","ping_status":"closed","template":"","meta":{"_joinchat":[],"footnotes":""},"class_list":["post-678","page","type-page","status-publish","hentry"],"yoast_head":"<!-- This site is optimized with the Yoast SEO plugin v23.5 - https:\/\/yoast.com\/wordpress\/plugins\/seo\/ -->\n<title>Parque Natural del Cap de Creus - Vela Brava<\/title>\n<meta name=\"description\" content=\"a Parque Natural del Cap de Creus Salida en Velero Parque Natural del Cap de Creus - Tours en barco Tour en Velero Charter Port de la Selva\" \/>\n<meta name=\"robots\" content=\"index, follow, max-snippet:-1, max-image-preview:large, max-video-preview:-1\" \/>\n<link rel=\"canonical\" href=\"https:\/\/velabrava.cat\/es\/parque-natural-del-cap-de-creus\" \/>\n<meta property=\"og:locale\" content=\"es_ES\" \/>\n<meta property=\"og:type\" content=\"article\" \/>\n<meta property=\"og:title\" content=\"Parque Natural del Cap de Creus - Vela Brava\" \/>\n<meta property=\"og:description\" content=\"a Parque Natural del Cap de Creus Salida en Velero Parque Natural del Cap de Creus - Tours en barco Tour en Velero Charter Port de la Selva\" \/>\n<meta property=\"og:url\" content=\"https:\/\/velabrava.cat\/es\/parque-natural-del-cap-de-creus\" \/>\n<meta property=\"og:site_name\" content=\"Vela Brava\" \/>\n<meta property=\"article:modified_time\" content=\"2025-06-24T11:06:20+00:00\" \/>\n<meta property=\"og:image\" content=\"https:\/\/velabrava.cat\/wp-content\/uploads\/2024\/07\/cap-de-creus-reserves-naturals-1024x847.jpg\" \/>\n<meta name=\"twitter:card\" content=\"summary_large_image\" \/>\n<meta name=\"twitter:label1\" content=\"Tiempo de lectura\" \/>\n\t<meta name=\"twitter:data1\" content=\"2 minutos\" \/>\n<script type=\"application\/ld+json\" class=\"yoast-schema-graph\">{\"@context\":\"https:\/\/schema.org\",\"@graph\":[{\"@type\":\"WebPage\",\"@id\":\"https:\/\/velabrava.cat\/es\/parque-natural-del-cap-de-creus\",\"url\":\"https:\/\/velabrava.cat\/es\/parque-natural-del-cap-de-creus\",\"name\":\"Parque Natural del Cap de Creus - Vela Brava\",\"isPartOf\":{\"@id\":\"https:\/\/velabrava.cat\/es#website\"},\"primaryImageOfPage\":{\"@id\":\"https:\/\/velabrava.cat\/es\/parque-natural-del-cap-de-creus#primaryimage\"},\"image\":{\"@id\":\"https:\/\/velabrava.cat\/es\/parque-natural-del-cap-de-creus#primaryimage\"},\"thumbnailUrl\":\"https:\/\/velabrava.cat\/wp-content\/uploads\/2024\/07\/cap-de-creus-reserves-naturals-1024x847.jpg\",\"datePublished\":\"2024-07-16T10:25:11+00:00\",\"dateModified\":\"2025-06-24T11:06:20+00:00\",\"description\":\"a Parque Natural del Cap de Creus Salida en Velero Parque Natural del Cap de Creus - Tours en barco Tour en Velero Charter Port de la Selva\",\"breadcrumb\":{\"@id\":\"https:\/\/velabrava.cat\/es\/parque-natural-del-cap-de-creus#breadcrumb\"},\"inLanguage\":\"es\",\"potentialAction\":[{\"@type\":\"ReadAction\",\"target\":[\"https:\/\/velabrava.cat\/es\/parque-natural-del-cap-de-creus\"]}]},{\"@type\":\"ImageObject\",\"inLanguage\":\"es\",\"@id\":\"https:\/\/velabrava.cat\/es\/parque-natural-del-cap-de-creus#primaryimage\",\"url\":\"https:\/\/velabrava.cat\/wp-content\/uploads\/2024\/07\/cap-de-creus-reserves-naturals-1024x847.jpg\",\"contentUrl\":\"https:\/\/velabrava.cat\/wp-content\/uploads\/2024\/07\/cap-de-creus-reserves-naturals-1024x847.jpg\"},{\"@type\":\"BreadcrumbList\",\"@id\":\"https:\/\/velabrava.cat\/es\/parque-natural-del-cap-de-creus#breadcrumb\",\"itemListElement\":[{\"@type\":\"ListItem\",\"position\":1,\"name\":\"Portada\",\"item\":\"https:\/\/velabrava.cat\/es\"},{\"@type\":\"ListItem\",\"position\":2,\"name\":\"Parque Natural del Cap de Creus\"}]},{\"@type\":\"WebSite\",\"@id\":\"https:\/\/velabrava.cat\/es#website\",\"url\":\"https:\/\/velabrava.cat\/es\",\"name\":\"Vela Brava\",\"description\":\"Lloguer de veler amb patr\u00f3\",\"publisher\":{\"@id\":\"https:\/\/velabrava.cat\/es#organization\"},\"potentialAction\":[{\"@type\":\"SearchAction\",\"target\":{\"@type\":\"EntryPoint\",\"urlTemplate\":\"https:\/\/velabrava.cat\/es?s={search_term_string}\"},\"query-input\":{\"@type\":\"PropertyValueSpecification\",\"valueRequired\":true,\"valueName\":\"search_term_string\"}}],\"inLanguage\":\"es\"},{\"@type\":\"Organization\",\"@id\":\"https:\/\/velabrava.cat\/es#organization\",\"name\":\"Vela Brava\",\"url\":\"https:\/\/velabrava.cat\/es\",\"logo\":{\"@type\":\"ImageObject\",\"inLanguage\":\"es\",\"@id\":\"https:\/\/velabrava.cat\/es#\/schema\/logo\/image\/\",\"url\":\"https:\/\/velabrava.cat\/wp-content\/uploads\/2024\/07\/logo-velabrava.jpg\",\"contentUrl\":\"https:\/\/velabrava.cat\/wp-content\/uploads\/2024\/07\/logo-velabrava.jpg\",\"width\":417,\"height\":442,\"caption\":\"Vela Brava\"},\"image\":{\"@id\":\"https:\/\/velabrava.cat\/es#\/schema\/logo\/image\/\"},\"sameAs\":[\"https:\/\/www.instagram.com\/vela_brava\/?hl=en\",\"https:\/\/wa.me\/34690738188\"]}]}<\/script>\n<!-- \/ Yoast SEO plugin. -->","yoast_head_json":{"title":"Parque Natural del Cap de Creus - Vela Brava","description":"a Parque Natural del Cap de Creus Salida en Velero Parque Natural del Cap de Creus - Tours en barco Tour en Velero Charter Port de la Selva","robots":{"index":"index","follow":"follow","max-snippet":"max-snippet:-1","max-image-preview":"max-image-preview:large","max-video-preview":"max-video-preview:-1"},"canonical":"https:\/\/velabrava.cat\/es\/parque-natural-del-cap-de-creus","og_locale":"es_ES","og_type":"article","og_title":"Parque Natural del Cap de Creus - Vela Brava","og_description":"a Parque Natural del Cap de Creus Salida en Velero Parque Natural del Cap de Creus - Tours en barco Tour en Velero Charter Port de la Selva","og_url":"https:\/\/velabrava.cat\/es\/parque-natural-del-cap-de-creus","og_site_name":"Vela Brava","article_modified_time":"2025-06-24T11:06:20+00:00","og_image":[{"url":"https:\/\/velabrava.cat\/wp-content\/uploads\/2024\/07\/cap-de-creus-reserves-naturals-1024x847.jpg"}],"twitter_card":"summary_large_image","twitter_misc":{"Tiempo de lectura":"2 minutos"},"schema":{"@context":"https:\/\/schema.org","@graph":[{"@type":"WebPage","@id":"https:\/\/velabrava.cat\/es\/parque-natural-del-cap-de-creus","url":"https:\/\/velabrava.cat\/es\/parque-natural-del-cap-de-creus","name":"Parque Natural del Cap de Creus - Vela Brava","isPartOf":{"@id":"https:\/\/velabrava.cat\/es#website"},"primaryImageOfPage":{"@id":"https:\/\/velabrava.cat\/es\/parque-natural-del-cap-de-creus#primaryimage"},"image":{"@id":"https:\/\/velabrava.cat\/es\/parque-natural-del-cap-de-creus#primaryimage"},"thumbnailUrl":"https:\/\/velabrava.cat\/wp-content\/uploads\/2024\/07\/cap-de-creus-reserves-naturals-1024x847.jpg","datePublished":"2024-07-16T10:25:11+00:00","dateModified":"2025-06-24T11:06:20+00:00","description":"a Parque Natural del Cap de Creus Salida en Velero Parque Natural del Cap de Creus - Tours en barco Tour en Velero Charter Port de la Selva","breadcrumb":{"@id":"https:\/\/velabrava.cat\/es\/parque-natural-del-cap-de-creus#breadcrumb"},"inLanguage":"es","potentialAction":[{"@type":"ReadAction","target":["https:\/\/velabrava.cat\/es\/parque-natural-del-cap-de-creus"]}]},{"@type":"ImageObject","inLanguage":"es","@id":"https:\/\/velabrava.cat\/es\/parque-natural-del-cap-de-creus#primaryimage","url":"https:\/\/velabrava.cat\/wp-content\/uploads\/2024\/07\/cap-de-creus-reserves-naturals-1024x847.jpg","contentUrl":"https:\/\/velabrava.cat\/wp-content\/uploads\/2024\/07\/cap-de-creus-reserves-naturals-1024x847.jpg"},{"@type":"BreadcrumbList","@id":"https:\/\/velabrava.cat\/es\/parque-natural-del-cap-de-creus#breadcrumb","itemListElement":[{"@type":"ListItem","position":1,"name":"Portada","item":"https:\/\/velabrava.cat\/es"},{"@type":"ListItem","position":2,"name":"Parque Natural del Cap de Creus"}]},{"@type":"WebSite","@id":"https:\/\/velabrava.cat\/es#website","url":"https:\/\/velabrava.cat\/es","name":"Vela Brava","description":"Lloguer de veler amb patr\u00f3","publisher":{"@id":"https:\/\/velabrava.cat\/es#organization"},"potentialAction":[{"@type":"SearchAction","target":{"@type":"EntryPoint","urlTemplate":"https:\/\/velabrava.cat\/es?s={search_term_string}"},"query-input":{"@type":"PropertyValueSpecification","valueRequired":true,"valueName":"search_term_string"}}],"inLanguage":"es"},{"@type":"Organization","@id":"https:\/\/velabrava.cat\/es#organization","name":"Vela Brava","url":"https:\/\/velabrava.cat\/es","logo":{"@type":"ImageObject","inLanguage":"es","@id":"https:\/\/velabrava.cat\/es#\/schema\/logo\/image\/","url":"https:\/\/velabrava.cat\/wp-content\/uploads\/2024\/07\/logo-velabrava.jpg","contentUrl":"https:\/\/velabrava.cat\/wp-content\/uploads\/2024\/07\/logo-velabrava.jpg","width":417,"height":442,"caption":"Vela Brava"},"image":{"@id":"https:\/\/velabrava.cat\/es#\/schema\/logo\/image\/"},"sameAs":["https:\/\/www.instagram.com\/vela_brava\/?hl=en","https:\/\/wa.me\/34690738188"]}]}},"_links":{"self":[{"href":"https:\/\/velabrava.cat\/es\/wp-json\/wp\/v2\/pages\/678","targetHints":{"allow":["GET"]}}],"collection":[{"href":"https:\/\/velabrava.cat\/es\/wp-json\/wp\/v2\/pages"}],"about":[{"href":"https:\/\/velabrava.cat\/es\/wp-json\/wp\/v2\/types\/page"}],"author":[{"embeddable":true,"href":"https:\/\/velabrava.cat\/es\/wp-json\/wp\/v2\/users\/1"}],"replies":[{"embeddable":true,"href":"https:\/\/velabrava.cat\/es\/wp-json\/wp\/v2\/comments?post=678"}],"version-history":[{"count":3,"href":"https:\/\/velabrava.cat\/es\/wp-json\/wp\/v2\/pages\/678\/revisions"}],"predecessor-version":[{"id":807,"href":"https:\/\/velabrava.cat\/es\/wp-json\/wp\/v2\/pages\/678\/revisions\/807"}],"wp:attachment":[{"href":"https:\/\/velabrava.cat\/es\/wp-json\/wp\/v2\/media?parent=678"}],"curies":[{"name":"wp","href":"https:\/\/api.w.org\/{rel}","templated":true}]}}