{"id":693,"date":"2024-07-16T12:24:45","date_gmt":"2024-07-16T10:24:45","guid":{"rendered":"https:\/\/velabrava.cat\/salidas-en-velero-y-patron\/recorregut-sortides-en-veler"},"modified":"2024-09-20T16:19:30","modified_gmt":"2024-09-20T14:19:30","slug":"recorrido-salidas-en-velero","status":"publish","type":"page","link":"https:\/\/velabrava.cat\/es\/salidas-en-velero-y-patron\/recorrido-salidas-en-velero","title":{"rendered":"Recorrido salidas en velero"},"content":{"rendered":"\n<div class=\"wp-block-columns is-layout-flex wp-container-core-columns-is-layout-28f84493 wp-block-columns-is-layout-flex\">\n<div class=\"wp-block-column is-vertically-aligned-center is-layout-flow wp-block-column-is-layout-flow\">\n<h4 class=\"wp-block-heading\">Medio d\u00eda<\/h4>\n\n\n\n<p>Seguimos la costa hasta <strong>el Gou<\/strong>, fondeamos en una de las ocho calas para disfrutar del entorno, y volvemos a vela hasta el Puerto.<\/p>\n\n\n\n<h4 class=\"wp-block-heading\">Puesta de sol<\/h4>\n\n\n\n<p>Navegamos hasta la <strong>Cala Fornells<\/strong>, hacemos un ba\u00f1o y un aperitivo con los \u00faltimos rayos de sol, y volvemos al club n\u00e1utico con la \u00faltima claridad del d\u00eda.<\/p>\n\n\n\n<h4 class=\"wp-block-heading\">D\u00eda entero<\/h4>\n\n\n\n<p>Navegamos desde el puerto base hasta el Cap de Creus, con paradas en las calas del <strong>Gou<\/strong> y <strong>Culip<\/strong> para ba\u00f1arnos y hacer una barbacoa. Volvemos alejados de la costa para disfrutar de la navegaci\u00f3n.<\/p>\n<\/div>\n\n\n\n<div class=\"wp-block-column is-layout-flow wp-block-column-is-layout-flow\">\n<iframe loading=\"lazy\" src=\"https:\/\/www.google.com\/maps\/d\/u\/0\/embed?mid=1xjhVFTjHN1jXmsIeL2RrzGRDbD58_0I&#038;ehbc=2E312F&#038;noprof=1\" width=\"640\" height=\"480\"><\/iframe>\n<\/div>\n<\/div>\n\n\n\n<div class=\"wp-block-cover alignfull has-parallax is-repeated\" style=\"min-height:571px;aspect-ratio:unset;\"><span aria-hidden=\"true\" class=\"wp-block-cover__background has-cnt-background-color has-background-dim\"><\/span><div class=\"wp-block-cover__image-background wp-image-142 has-parallax is-repeated\" style=\"background-position:51% 51%;background-image:url(https:\/\/velabrava.cat\/wp-content\/uploads\/2024\/07\/vela-brava-veler-cala.jpg)\"><\/div><div class=\"wp-block-cover__inner-container is-layout-constrained wp-block-cover-is-layout-constrained\">\n<p class=\"has-text-align-center has-large-font-size\">Excursiones en velero<\/p>\n\n\n\n<p class=\"has-text-align-center\">Disfruta de la belleza de la costa y el Parque Natural del Cap de Creus a bordo de un velero con patr\u00f3n. <br>Reserva la excursi\u00f3n que m\u00e1s se adapte a tus necesidades.<\/p>\n\n\n\n<div class=\"wp-block-buttons is-content-justification-center is-layout-flex wp-container-core-buttons-is-layout-a89b3969 wp-block-buttons-is-layout-flex\">\n<div class=\"wp-block-button is-style-fill\"><a class=\"wp-block-button__link has-cnt-color has-cnt-bg-background-color has-text-color has-background has-link-color wp-element-button\" href=\"\/es\/salidas-en-velero-y-patron\">Ver salidas<\/a><\/div>\n\n\n\n<div class=\"wp-block-button is-style-fill\"><a class=\"wp-block-button__link has-cnt-bg-color has-cnt-background-color has-text-color has-background has-link-color wp-element-button\" href=\"https:\/\/velabrava.cat\/es\/contacto\">reservas<\/a><\/div>\n<\/div>\n<\/div><\/div>\n","protected":false},"excerpt":{"rendered":"<p>Medio d\u00eda Seguimos la costa hasta el Gou, fondeamos en una de las ocho calas para disfrutar del entorno, y volvemos a vela hasta &#8230;<\/p>\n","protected":false},"author":1,"featured_media":0,"parent":668,"menu_order":0,"comment_status":"closed","ping_status":"closed","template":"","meta":{"_joinchat":[],"footnotes":""},"class_list":["post-693","page","type-page","status-publish","hentry"],"yoast_head":"<!-- This site is optimized with the Yoast SEO plugin v23.5 - https:\/\/yoast.com\/wordpress\/plugins\/seo\/ -->\n<title>Recorrido salidas en velero - Vela Brava<\/title>\n<meta name=\"robots\" content=\"index, follow, max-snippet:-1, max-image-preview:large, max-video-preview:-1\" \/>\n<link rel=\"canonical\" href=\"https:\/\/velabrava.cat\/es\/salidas-en-velero-y-patron\/recorrido-salidas-en-velero\" \/>\n<meta property=\"og:locale\" content=\"es_ES\" \/>\n<meta property=\"og:type\" content=\"article\" \/>\n<meta property=\"og:title\" content=\"Recorrido salidas en velero - Vela Brava\" \/>\n<meta property=\"og:description\" content=\"Medio d\u00eda Seguimos la costa hasta el Gou, fondeamos en una de las ocho calas para disfrutar del entorno, y volvemos a vela hasta ...\" \/>\n<meta property=\"og:url\" content=\"https:\/\/velabrava.cat\/es\/salidas-en-velero-y-patron\/recorrido-salidas-en-velero\" \/>\n<meta property=\"og:site_name\" content=\"Vela Brava\" \/>\n<meta property=\"article:modified_time\" content=\"2024-09-20T14:19:30+00:00\" \/>\n<meta name=\"twitter:card\" content=\"summary_large_image\" \/>\n<meta name=\"twitter:label1\" content=\"Tiempo de lectura\" \/>\n\t<meta name=\"twitter:data1\" content=\"1 minuto\" \/>\n<script type=\"application\/ld+json\" class=\"yoast-schema-graph\">{\"@context\":\"https:\/\/schema.org\",\"@graph\":[{\"@type\":\"WebPage\",\"@id\":\"https:\/\/velabrava.cat\/es\/salidas-en-velero-y-patron\/recorrido-salidas-en-velero\",\"url\":\"https:\/\/velabrava.cat\/es\/salidas-en-velero-y-patron\/recorrido-salidas-en-velero\",\"name\":\"Recorrido salidas en velero - Vela Brava\",\"isPartOf\":{\"@id\":\"https:\/\/velabrava.cat\/es#website\"},\"datePublished\":\"2024-07-16T10:24:45+00:00\",\"dateModified\":\"2024-09-20T14:19:30+00:00\",\"breadcrumb\":{\"@id\":\"https:\/\/velabrava.cat\/es\/salidas-en-velero-y-patron\/recorrido-salidas-en-velero#breadcrumb\"},\"inLanguage\":\"es\",\"potentialAction\":[{\"@type\":\"ReadAction\",\"target\":[\"https:\/\/velabrava.cat\/es\/salidas-en-velero-y-patron\/recorrido-salidas-en-velero\"]}]},{\"@type\":\"BreadcrumbList\",\"@id\":\"https:\/\/velabrava.cat\/es\/salidas-en-velero-y-patron\/recorrido-salidas-en-velero#breadcrumb\",\"itemListElement\":[{\"@type\":\"ListItem\",\"position\":1,\"name\":\"Portada\",\"item\":\"https:\/\/velabrava.cat\/es\"},{\"@type\":\"ListItem\",\"position\":2,\"name\":\"Salidas en velero y patr\u00f3n\",\"item\":\"https:\/\/velabrava.cat\/es\/salidas-en-velero-y-patron\"},{\"@type\":\"ListItem\",\"position\":3,\"name\":\"Recorrido salidas en velero\"}]},{\"@type\":\"WebSite\",\"@id\":\"https:\/\/velabrava.cat\/es#website\",\"url\":\"https:\/\/velabrava.cat\/es\",\"name\":\"Vela Brava\",\"description\":\"Lloguer de veler amb patr\u00f3\",\"publisher\":{\"@id\":\"https:\/\/velabrava.cat\/es#organization\"},\"potentialAction\":[{\"@type\":\"SearchAction\",\"target\":{\"@type\":\"EntryPoint\",\"urlTemplate\":\"https:\/\/velabrava.cat\/es?s={search_term_string}\"},\"query-input\":{\"@type\":\"PropertyValueSpecification\",\"valueRequired\":true,\"valueName\":\"search_term_string\"}}],\"inLanguage\":\"es\"},{\"@type\":\"Organization\",\"@id\":\"https:\/\/velabrava.cat\/es#organization\",\"name\":\"Vela Brava\",\"url\":\"https:\/\/velabrava.cat\/es\",\"logo\":{\"@type\":\"ImageObject\",\"inLanguage\":\"es\",\"@id\":\"https:\/\/velabrava.cat\/es#\/schema\/logo\/image\/\",\"url\":\"https:\/\/velabrava.cat\/wp-content\/uploads\/2024\/07\/logo-velabrava.jpg\",\"contentUrl\":\"https:\/\/velabrava.cat\/wp-content\/uploads\/2024\/07\/logo-velabrava.jpg\",\"width\":417,\"height\":442,\"caption\":\"Vela Brava\"},\"image\":{\"@id\":\"https:\/\/velabrava.cat\/es#\/schema\/logo\/image\/\"},\"sameAs\":[\"https:\/\/www.instagram.com\/vela_brava\/?hl=en\",\"https:\/\/wa.me\/34690738188\"]}]}<\/script>\n<!-- \/ Yoast SEO plugin. -->","yoast_head_json":{"title":"Recorrido salidas en velero - Vela Brava","robots":{"index":"index","follow":"follow","max-snippet":"max-snippet:-1","max-image-preview":"max-image-preview:large","max-video-preview":"max-video-preview:-1"},"canonical":"https:\/\/velabrava.cat\/es\/salidas-en-velero-y-patron\/recorrido-salidas-en-velero","og_locale":"es_ES","og_type":"article","og_title":"Recorrido salidas en velero - Vela Brava","og_description":"Medio d\u00eda Seguimos la costa hasta el Gou, fondeamos en una de las ocho calas para disfrutar del entorno, y volvemos a vela hasta ...","og_url":"https:\/\/velabrava.cat\/es\/salidas-en-velero-y-patron\/recorrido-salidas-en-velero","og_site_name":"Vela Brava","article_modified_time":"2024-09-20T14:19:30+00:00","twitter_card":"summary_large_image","twitter_misc":{"Tiempo de lectura":"1 minuto"},"schema":{"@context":"https:\/\/schema.org","@graph":[{"@type":"WebPage","@id":"https:\/\/velabrava.cat\/es\/salidas-en-velero-y-patron\/recorrido-salidas-en-velero","url":"https:\/\/velabrava.cat\/es\/salidas-en-velero-y-patron\/recorrido-salidas-en-velero","name":"Recorrido salidas en velero - Vela Brava","isPartOf":{"@id":"https:\/\/velabrava.cat\/es#website"},"datePublished":"2024-07-16T10:24:45+00:00","dateModified":"2024-09-20T14:19:30+00:00","breadcrumb":{"@id":"https:\/\/velabrava.cat\/es\/salidas-en-velero-y-patron\/recorrido-salidas-en-velero#breadcrumb"},"inLanguage":"es","potentialAction":[{"@type":"ReadAction","target":["https:\/\/velabrava.cat\/es\/salidas-en-velero-y-patron\/recorrido-salidas-en-velero"]}]},{"@type":"BreadcrumbList","@id":"https:\/\/velabrava.cat\/es\/salidas-en-velero-y-patron\/recorrido-salidas-en-velero#breadcrumb","itemListElement":[{"@type":"ListItem","position":1,"name":"Portada","item":"https:\/\/velabrava.cat\/es"},{"@type":"ListItem","position":2,"name":"Salidas en velero y patr\u00f3n","item":"https:\/\/velabrava.cat\/es\/salidas-en-velero-y-patron"},{"@type":"ListItem","position":3,"name":"Recorrido salidas en velero"}]},{"@type":"WebSite","@id":"https:\/\/velabrava.cat\/es#website","url":"https:\/\/velabrava.cat\/es","name":"Vela Brava","description":"Lloguer de veler amb patr\u00f3","publisher":{"@id":"https:\/\/velabrava.cat\/es#organization"},"potentialAction":[{"@type":"SearchAction","target":{"@type":"EntryPoint","urlTemplate":"https:\/\/velabrava.cat\/es?s={search_term_string}"},"query-input":{"@type":"PropertyValueSpecification","valueRequired":true,"valueName":"search_term_string"}}],"inLanguage":"es"},{"@type":"Organization","@id":"https:\/\/velabrava.cat\/es#organization","name":"Vela Brava","url":"https:\/\/velabrava.cat\/es","logo":{"@type":"ImageObject","inLanguage":"es","@id":"https:\/\/velabrava.cat\/es#\/schema\/logo\/image\/","url":"https:\/\/velabrava.cat\/wp-content\/uploads\/2024\/07\/logo-velabrava.jpg","contentUrl":"https:\/\/velabrava.cat\/wp-content\/uploads\/2024\/07\/logo-velabrava.jpg","width":417,"height":442,"caption":"Vela Brava"},"image":{"@id":"https:\/\/velabrava.cat\/es#\/schema\/logo\/image\/"},"sameAs":["https:\/\/www.instagram.com\/vela_brava\/?hl=en","https:\/\/wa.me\/34690738188"]}]}},"_links":{"self":[{"href":"https:\/\/velabrava.cat\/es\/wp-json\/wp\/v2\/pages\/693","targetHints":{"allow":["GET"]}}],"collection":[{"href":"https:\/\/velabrava.cat\/es\/wp-json\/wp\/v2\/pages"}],"about":[{"href":"https:\/\/velabrava.cat\/es\/wp-json\/wp\/v2\/types\/page"}],"author":[{"embeddable":true,"href":"https:\/\/velabrava.cat\/es\/wp-json\/wp\/v2\/users\/1"}],"replies":[{"embeddable":true,"href":"https:\/\/velabrava.cat\/es\/wp-json\/wp\/v2\/comments?post=693"}],"version-history":[{"count":2,"href":"https:\/\/velabrava.cat\/es\/wp-json\/wp\/v2\/pages\/693\/revisions"}],"predecessor-version":[{"id":705,"href":"https:\/\/velabrava.cat\/es\/wp-json\/wp\/v2\/pages\/693\/revisions\/705"}],"up":[{"embeddable":true,"href":"https:\/\/velabrava.cat\/es\/wp-json\/wp\/v2\/pages\/668"}],"wp:attachment":[{"href":"https:\/\/velabrava.cat\/es\/wp-json\/wp\/v2\/media?parent=693"}],"curies":[{"name":"wp","href":"https:\/\/api.w.org\/{rel}","templated":true}]}}