{"id":708,"date":"2024-07-16T12:45:43","date_gmt":"2024-07-16T10:45:43","guid":{"rendered":"https:\/\/velabrava.cat\/f-a-q-s"},"modified":"2024-09-20T16:25:58","modified_gmt":"2024-09-20T14:25:58","slug":"f-a-q-s","status":"publish","type":"page","link":"https:\/\/velabrava.cat\/es\/f-a-q-s","title":{"rendered":"F.A.Q.S"},"content":{"rendered":"\n<div class=\"wp-block-columns is-layout-flex wp-container-core-columns-is-layout-28f84493 wp-block-columns-is-layout-flex\">\n<div class=\"wp-block-column is-vertically-aligned-center is-layout-flow wp-block-column-is-layout-flow\">\n<details class=\"wp-block-details is-layout-flow wp-block-details-is-layout-flow\"><summary><strong>\u00bfPara qui\u00e9n es Vela Brava?<\/strong><\/summary>\n<p>Las salidas con el Tion son aptas para todos los p\u00fablicos. Es un velero muy marinero, pensado y dise\u00f1ado para practicar la navegaci\u00f3n deportiva, ideal para un primer bautizo de mar.<\/p>\n<\/details>\n\n\n\n<details class=\"wp-block-details is-layout-flow wp-block-details-is-layout-flow\"><summary><strong><strong><strong>\u00bfDebemos llevar ropa especial?<\/strong><\/strong><\/strong><\/summary>\n<p>Tienes que venir con indumentaria que resulte c\u00f3moda y adecuada para la \u00e9poca del a\u00f1o, en verano un jersey nunca est\u00e1 de m\u00e1s, toalla, sombrero o gorra, crema solar y es muy importante el calzado cerrado de goma.<\/p>\n<\/details>\n\n\n\n<details class=\"wp-block-details is-layout-flow wp-block-details-is-layout-flow\"><summary><strong><strong>\u00bfA partir de qu\u00e9 edad son estas salidas?<\/strong><\/strong><\/summary>\n<p>Las salidas est\u00e1n pensadas para todos los p\u00fablicos, queremos que sean divertidas, pedag\u00f3gicas y entretenidas. Siempre respetando la convivencia, el medio y poni\u00e9ndonos a las \u00f3rdenes del patr\u00f3n.<\/p>\n<\/details>\n\n\n\n<details class=\"wp-block-details is-layout-flow wp-block-details-is-layout-flow\"><summary><strong><strong><strong><strong>\u00bfTiendo a marearme en el coche, me lo aconsejas?<\/strong><\/strong><\/strong><\/strong><\/summary>\n<p>En un velero siempre hay movimiento, por tanto hay que prever del mareo. Para las personas que sois proclives, aconsejamos Biodramina con cafe\u00edna, y evitar la ingesta de l\u00e1cteos y derivados antes de subir a bordo.<\/p>\n<\/details>\n\n\n\n<details class=\"wp-block-details is-layout-flow wp-block-details-is-layout-flow\"><summary><strong><strong><strong><strong><strong>\u00bfPuedo llevar mi comida y bebida?<\/strong><\/strong><\/strong><\/strong><\/strong><\/summary>\n<p>En caso de que quer\u00e1is llevar comida para complementar con lo que le ofrecemos o por motivos de alergias, est\u00e1 permitido, siempre y cuando se mantenga el orden y quede todo recogido.<\/p>\n<\/details>\n<\/div>\n<\/div>\n\n<div style=\"height:20px\" aria-hidden=\"true\" class=\"wp-block-spacer\"><\/div>\n","protected":false},"excerpt":{"rendered":"","protected":false},"author":1,"featured_media":0,"parent":0,"menu_order":0,"comment_status":"closed","ping_status":"closed","template":"","meta":{"_joinchat":[],"footnotes":""},"class_list":["post-708","page","type-page","status-publish","hentry"],"yoast_head":"<!-- This site is optimized with the Yoast SEO plugin v23.5 - https:\/\/yoast.com\/wordpress\/plugins\/seo\/ -->\n<title>F.A.Q.S - Vela Brava<\/title>\n<meta name=\"robots\" content=\"index, follow, max-snippet:-1, max-image-preview:large, max-video-preview:-1\" \/>\n<link rel=\"canonical\" href=\"https:\/\/velabrava.cat\/es\/f-a-q-s\" \/>\n<meta property=\"og:locale\" content=\"es_ES\" \/>\n<meta property=\"og:type\" content=\"article\" \/>\n<meta property=\"og:title\" content=\"F.A.Q.S - Vela Brava\" \/>\n<meta property=\"og:url\" content=\"https:\/\/velabrava.cat\/es\/f-a-q-s\" \/>\n<meta property=\"og:site_name\" content=\"Vela Brava\" \/>\n<meta property=\"article:modified_time\" content=\"2024-09-20T14:25:58+00:00\" \/>\n<meta name=\"twitter:card\" content=\"summary_large_image\" \/>\n<meta name=\"twitter:label1\" content=\"Tiempo de lectura\" \/>\n\t<meta name=\"twitter:data1\" content=\"1 minuto\" \/>\n<script type=\"application\/ld+json\" class=\"yoast-schema-graph\">{\"@context\":\"https:\/\/schema.org\",\"@graph\":[{\"@type\":\"WebPage\",\"@id\":\"https:\/\/velabrava.cat\/es\/f-a-q-s\",\"url\":\"https:\/\/velabrava.cat\/es\/f-a-q-s\",\"name\":\"F.A.Q.S - Vela Brava\",\"isPartOf\":{\"@id\":\"https:\/\/velabrava.cat\/es#website\"},\"datePublished\":\"2024-07-16T10:45:43+00:00\",\"dateModified\":\"2024-09-20T14:25:58+00:00\",\"breadcrumb\":{\"@id\":\"https:\/\/velabrava.cat\/es\/f-a-q-s#breadcrumb\"},\"inLanguage\":\"es\",\"potentialAction\":[{\"@type\":\"ReadAction\",\"target\":[\"https:\/\/velabrava.cat\/es\/f-a-q-s\"]}]},{\"@type\":\"BreadcrumbList\",\"@id\":\"https:\/\/velabrava.cat\/es\/f-a-q-s#breadcrumb\",\"itemListElement\":[{\"@type\":\"ListItem\",\"position\":1,\"name\":\"Portada\",\"item\":\"https:\/\/velabrava.cat\/es\"},{\"@type\":\"ListItem\",\"position\":2,\"name\":\"F.A.Q.S\"}]},{\"@type\":\"WebSite\",\"@id\":\"https:\/\/velabrava.cat\/es#website\",\"url\":\"https:\/\/velabrava.cat\/es\",\"name\":\"Vela Brava\",\"description\":\"Lloguer de veler amb patr\u00f3\",\"publisher\":{\"@id\":\"https:\/\/velabrava.cat\/es#organization\"},\"potentialAction\":[{\"@type\":\"SearchAction\",\"target\":{\"@type\":\"EntryPoint\",\"urlTemplate\":\"https:\/\/velabrava.cat\/es?s={search_term_string}\"},\"query-input\":{\"@type\":\"PropertyValueSpecification\",\"valueRequired\":true,\"valueName\":\"search_term_string\"}}],\"inLanguage\":\"es\"},{\"@type\":\"Organization\",\"@id\":\"https:\/\/velabrava.cat\/es#organization\",\"name\":\"Vela Brava\",\"url\":\"https:\/\/velabrava.cat\/es\",\"logo\":{\"@type\":\"ImageObject\",\"inLanguage\":\"es\",\"@id\":\"https:\/\/velabrava.cat\/es#\/schema\/logo\/image\/\",\"url\":\"https:\/\/velabrava.cat\/wp-content\/uploads\/2024\/07\/logo-velabrava.jpg\",\"contentUrl\":\"https:\/\/velabrava.cat\/wp-content\/uploads\/2024\/07\/logo-velabrava.jpg\",\"width\":417,\"height\":442,\"caption\":\"Vela Brava\"},\"image\":{\"@id\":\"https:\/\/velabrava.cat\/es#\/schema\/logo\/image\/\"},\"sameAs\":[\"https:\/\/www.instagram.com\/vela_brava\/?hl=en\",\"https:\/\/wa.me\/34690738188\"]}]}<\/script>\n<!-- \/ Yoast SEO plugin. -->","yoast_head_json":{"title":"F.A.Q.S - Vela Brava","robots":{"index":"index","follow":"follow","max-snippet":"max-snippet:-1","max-image-preview":"max-image-preview:large","max-video-preview":"max-video-preview:-1"},"canonical":"https:\/\/velabrava.cat\/es\/f-a-q-s","og_locale":"es_ES","og_type":"article","og_title":"F.A.Q.S - Vela Brava","og_url":"https:\/\/velabrava.cat\/es\/f-a-q-s","og_site_name":"Vela Brava","article_modified_time":"2024-09-20T14:25:58+00:00","twitter_card":"summary_large_image","twitter_misc":{"Tiempo de lectura":"1 minuto"},"schema":{"@context":"https:\/\/schema.org","@graph":[{"@type":"WebPage","@id":"https:\/\/velabrava.cat\/es\/f-a-q-s","url":"https:\/\/velabrava.cat\/es\/f-a-q-s","name":"F.A.Q.S - Vela Brava","isPartOf":{"@id":"https:\/\/velabrava.cat\/es#website"},"datePublished":"2024-07-16T10:45:43+00:00","dateModified":"2024-09-20T14:25:58+00:00","breadcrumb":{"@id":"https:\/\/velabrava.cat\/es\/f-a-q-s#breadcrumb"},"inLanguage":"es","potentialAction":[{"@type":"ReadAction","target":["https:\/\/velabrava.cat\/es\/f-a-q-s"]}]},{"@type":"BreadcrumbList","@id":"https:\/\/velabrava.cat\/es\/f-a-q-s#breadcrumb","itemListElement":[{"@type":"ListItem","position":1,"name":"Portada","item":"https:\/\/velabrava.cat\/es"},{"@type":"ListItem","position":2,"name":"F.A.Q.S"}]},{"@type":"WebSite","@id":"https:\/\/velabrava.cat\/es#website","url":"https:\/\/velabrava.cat\/es","name":"Vela Brava","description":"Lloguer de veler amb patr\u00f3","publisher":{"@id":"https:\/\/velabrava.cat\/es#organization"},"potentialAction":[{"@type":"SearchAction","target":{"@type":"EntryPoint","urlTemplate":"https:\/\/velabrava.cat\/es?s={search_term_string}"},"query-input":{"@type":"PropertyValueSpecification","valueRequired":true,"valueName":"search_term_string"}}],"inLanguage":"es"},{"@type":"Organization","@id":"https:\/\/velabrava.cat\/es#organization","name":"Vela Brava","url":"https:\/\/velabrava.cat\/es","logo":{"@type":"ImageObject","inLanguage":"es","@id":"https:\/\/velabrava.cat\/es#\/schema\/logo\/image\/","url":"https:\/\/velabrava.cat\/wp-content\/uploads\/2024\/07\/logo-velabrava.jpg","contentUrl":"https:\/\/velabrava.cat\/wp-content\/uploads\/2024\/07\/logo-velabrava.jpg","width":417,"height":442,"caption":"Vela Brava"},"image":{"@id":"https:\/\/velabrava.cat\/es#\/schema\/logo\/image\/"},"sameAs":["https:\/\/www.instagram.com\/vela_brava\/?hl=en","https:\/\/wa.me\/34690738188"]}]}},"_links":{"self":[{"href":"https:\/\/velabrava.cat\/es\/wp-json\/wp\/v2\/pages\/708","targetHints":{"allow":["GET"]}}],"collection":[{"href":"https:\/\/velabrava.cat\/es\/wp-json\/wp\/v2\/pages"}],"about":[{"href":"https:\/\/velabrava.cat\/es\/wp-json\/wp\/v2\/types\/page"}],"author":[{"embeddable":true,"href":"https:\/\/velabrava.cat\/es\/wp-json\/wp\/v2\/users\/1"}],"replies":[{"embeddable":true,"href":"https:\/\/velabrava.cat\/es\/wp-json\/wp\/v2\/comments?post=708"}],"version-history":[{"count":2,"href":"https:\/\/velabrava.cat\/es\/wp-json\/wp\/v2\/pages\/708\/revisions"}],"predecessor-version":[{"id":710,"href":"https:\/\/velabrava.cat\/es\/wp-json\/wp\/v2\/pages\/708\/revisions\/710"}],"wp:attachment":[{"href":"https:\/\/velabrava.cat\/es\/wp-json\/wp\/v2\/media?parent=708"}],"curies":[{"name":"wp","href":"https:\/\/api.w.org\/{rel}","templated":true}]}}