{"id":749,"date":"2024-07-16T12:45:19","date_gmt":"2024-07-16T10:45:19","guid":{"rendered":"https:\/\/velabrava.cat\/accessibilitat"},"modified":"2024-09-23T13:43:40","modified_gmt":"2024-09-23T11:43:40","slug":"accessibilidad","status":"publish","type":"page","link":"https:\/\/velabrava.cat\/es\/accessibilidad","title":{"rendered":"Accesibilidad"},"content":{"rendered":"\n<p><strong>Vela Brava <\/strong>se ha comprometido a hacer accesible su sitio web de conformidad con la Normativa Europea EN 301 549 V3.2.1 (2021-03), sobre Requisitos de accesibilidad para productos y servicios TIC.<\/p>\n\n\n\n<p>Esta declaraci\u00f3n de accesibilidad se aplica al sitio web <a href=\"https:\/\/velabrava.cat\">https:\/\/velabrava.cat<\/a> (los subdominios de este sitio web tendr\u00e1n sus propias declaraciones de accesibilidad).<\/p>\n\n\n\n<p><strong>Situaci\u00f3n de cumplimiento<\/strong><\/p>\n\n\n\n<p>Este sitio web es<strong>&nbsp;plenamente&nbsp;conforme&nbsp;<\/strong>con la Normativa Europea EN 301 549 V3.2.1 (2021-03)<\/p>\n\n\n\n<p><strong>Preparaci\u00f3n de la presente declaraci\u00f3n de accesibilidad<\/strong><\/p>\n\n\n\n<p>La presente declaraci\u00f3n fue redactada 19 de septiembre de 2024.<\/p>\n\n\n\n<p>El m\u00e9todo utilizado para preparar la declaraci\u00f3n ha sido una autoevaluaci\u00f3n llevada a cabo por la propia empresa de desarrollo web (agente digitalizador).<\/p>\n\n\n\n<p><strong>Observaciones y datos de contacto<\/strong><\/p>\n\n\n\n<p>Puede realizar comunicaciones sobre requisitos de accesibilidad como, por ejemplo:<\/p>\n\n\n\n<ul class=\"wp-block-list\">\n<li>Informar sobre cualquier posible incumplimiento por parte de este sitio web.<\/li>\n\n\n\n<li>Transmitir otras dificultades de acceso al contenido.<\/li>\n\n\n\n<li>Formular cualquier otra consulta o sugerencia de mejora relativa a la accesibilidad del sitio web.<\/li>\n<\/ul>\n\n\n\n<p>A trav\u00e9s del correo electr\u00f3nico\u00a0<a href=\"mailto:saltortec@gmail.com\" target=\"_blank\" rel=\"noreferrer noopener\"><a href=\"mailto:bravavela@gmail.com\">bravavela@gmail.com<\/a><\/a>.<\/p>\n\n\n\n<p>Tambi\u00e9n puede solicitar en formato accesible informaci\u00f3n que no cumpla con los requisitos de accesibilidad bien por estar excluida, bien por estar exenta por carga desproporcionada; o formular una queja por incumplimiento de los requisitos de accesibilidad.<\/p>\n\n\n\n<p><strong>Contenido opcional<\/strong><\/p>\n\n\n\n<p>La versi\u00f3n actualmente visible de este sitio web es de septiembre de 2024 y en esa fecha se hizo la revisi\u00f3n del nivel de accesibilidad vigente en aquel momento.<\/p>\n\n\n\n<p>A partir de dicha fecha se llevan a cabo revisiones parciales del contenido web nuevo o modificado, tanto de las plantillas como de las p\u00e1ginas y documentos finales publicados, a fin de asegurar el cumplimiento de los requerimientos de accesibilidad de la Norma EN 301 549 V3.2.1 (2021-03).<\/p>\n\n\n\n<p>Entre otras se adoptan las siguientes medidas para facilitar la accesibilidad:<\/p>\n\n\n\n<ul class=\"wp-block-list\">\n<li>Utilizaci\u00f3n de texto alternativo en las im\u00e1genes, salvo en las im\u00e1genes meramente decorativas<\/li>\n\n\n\n<li>Uso de los est\u00e1ndares del W3C: XHTML 1.0, CSS 3.0, WAI AA.<\/li>\n<\/ul>\n\n\n\n<p>El sitio web est\u00e1 optimizado para las \u00faltimas versiones vigentes de los navegadores Edge, FireFox, Safari, Opera y Google Chrome. La resoluci\u00f3n web m\u00ednima recomendada es de 1280\u00d71024.<\/p>\n\n\n\n<p>El sitio web est\u00e1 dise\u00f1ado para su visualizaci\u00f3n Responsive (adaptable), con lo que se visualiza de forma \u00f3ptima en los dispositivos m\u00f3viles (tablet y smartphones). En estos dispositivos est\u00e1 optimizado para su visualizaci\u00f3n en las \u00faltimas versiones vigentes de Chrome for mobile, Firefox for mobile, Safari mobile, Opera Mini y navegador nativo de Android.<\/p>\n\n\n\n<div style=\"height:20px\" aria-hidden=\"true\" class=\"wp-block-spacer\"><\/div>\n","protected":false},"excerpt":{"rendered":"<p>Vela Brava se ha comprometido a hacer accesible su sitio web de conformidad con la Normativa Europea EN 301 549 V3.2.1 (2021-03), sobre Requisitos &#8230;<\/p>\n","protected":false},"author":1,"featured_media":0,"parent":0,"menu_order":0,"comment_status":"closed","ping_status":"closed","template":"","meta":{"_joinchat":[],"footnotes":""},"class_list":["post-749","page","type-page","status-publish","hentry"],"yoast_head":"<!-- This site is optimized with the Yoast SEO plugin v23.5 - https:\/\/yoast.com\/wordpress\/plugins\/seo\/ -->\n<title>Accesibilidad - Vela Brava<\/title>\n<meta name=\"robots\" content=\"index, follow, max-snippet:-1, max-image-preview:large, max-video-preview:-1\" \/>\n<link rel=\"canonical\" href=\"https:\/\/velabrava.cat\/es\/accessibilidad\" \/>\n<meta property=\"og:locale\" content=\"es_ES\" \/>\n<meta property=\"og:type\" content=\"article\" \/>\n<meta property=\"og:title\" content=\"Accesibilidad - Vela Brava\" \/>\n<meta property=\"og:description\" content=\"Vela Brava se ha comprometido a hacer accesible su sitio web de conformidad con la Normativa Europea EN 301 549 V3.2.1 (2021-03), sobre Requisitos ...\" \/>\n<meta property=\"og:url\" content=\"https:\/\/velabrava.cat\/es\/accessibilidad\" \/>\n<meta property=\"og:site_name\" content=\"Vela Brava\" \/>\n<meta property=\"article:modified_time\" content=\"2024-09-23T11:43:40+00:00\" \/>\n<meta name=\"twitter:card\" content=\"summary_large_image\" \/>\n<meta name=\"twitter:label1\" content=\"Tiempo de lectura\" \/>\n\t<meta name=\"twitter:data1\" content=\"3 minutos\" \/>\n<script type=\"application\/ld+json\" class=\"yoast-schema-graph\">{\"@context\":\"https:\/\/schema.org\",\"@graph\":[{\"@type\":\"WebPage\",\"@id\":\"https:\/\/velabrava.cat\/es\/accessibilidad\",\"url\":\"https:\/\/velabrava.cat\/es\/accessibilidad\",\"name\":\"Accesibilidad - Vela Brava\",\"isPartOf\":{\"@id\":\"https:\/\/velabrava.cat\/es#website\"},\"datePublished\":\"2024-07-16T10:45:19+00:00\",\"dateModified\":\"2024-09-23T11:43:40+00:00\",\"breadcrumb\":{\"@id\":\"https:\/\/velabrava.cat\/es\/accessibilidad#breadcrumb\"},\"inLanguage\":\"es\",\"potentialAction\":[{\"@type\":\"ReadAction\",\"target\":[\"https:\/\/velabrava.cat\/es\/accessibilidad\"]}]},{\"@type\":\"BreadcrumbList\",\"@id\":\"https:\/\/velabrava.cat\/es\/accessibilidad#breadcrumb\",\"itemListElement\":[{\"@type\":\"ListItem\",\"position\":1,\"name\":\"Portada\",\"item\":\"https:\/\/velabrava.cat\/es\"},{\"@type\":\"ListItem\",\"position\":2,\"name\":\"Accesibilidad\"}]},{\"@type\":\"WebSite\",\"@id\":\"https:\/\/velabrava.cat\/es#website\",\"url\":\"https:\/\/velabrava.cat\/es\",\"name\":\"Vela Brava\",\"description\":\"Lloguer de veler amb patr\u00f3\",\"publisher\":{\"@id\":\"https:\/\/velabrava.cat\/es#organization\"},\"potentialAction\":[{\"@type\":\"SearchAction\",\"target\":{\"@type\":\"EntryPoint\",\"urlTemplate\":\"https:\/\/velabrava.cat\/es?s={search_term_string}\"},\"query-input\":{\"@type\":\"PropertyValueSpecification\",\"valueRequired\":true,\"valueName\":\"search_term_string\"}}],\"inLanguage\":\"es\"},{\"@type\":\"Organization\",\"@id\":\"https:\/\/velabrava.cat\/es#organization\",\"name\":\"Vela Brava\",\"url\":\"https:\/\/velabrava.cat\/es\",\"logo\":{\"@type\":\"ImageObject\",\"inLanguage\":\"es\",\"@id\":\"https:\/\/velabrava.cat\/es#\/schema\/logo\/image\/\",\"url\":\"https:\/\/velabrava.cat\/wp-content\/uploads\/2024\/07\/logo-velabrava.jpg\",\"contentUrl\":\"https:\/\/velabrava.cat\/wp-content\/uploads\/2024\/07\/logo-velabrava.jpg\",\"width\":417,\"height\":442,\"caption\":\"Vela Brava\"},\"image\":{\"@id\":\"https:\/\/velabrava.cat\/es#\/schema\/logo\/image\/\"},\"sameAs\":[\"https:\/\/www.instagram.com\/vela_brava\/?hl=en\",\"https:\/\/wa.me\/34690738188\"]}]}<\/script>\n<!-- \/ Yoast SEO plugin. -->","yoast_head_json":{"title":"Accesibilidad - Vela Brava","robots":{"index":"index","follow":"follow","max-snippet":"max-snippet:-1","max-image-preview":"max-image-preview:large","max-video-preview":"max-video-preview:-1"},"canonical":"https:\/\/velabrava.cat\/es\/accessibilidad","og_locale":"es_ES","og_type":"article","og_title":"Accesibilidad - Vela Brava","og_description":"Vela Brava se ha comprometido a hacer accesible su sitio web de conformidad con la Normativa Europea EN 301 549 V3.2.1 (2021-03), sobre Requisitos ...","og_url":"https:\/\/velabrava.cat\/es\/accessibilidad","og_site_name":"Vela Brava","article_modified_time":"2024-09-23T11:43:40+00:00","twitter_card":"summary_large_image","twitter_misc":{"Tiempo de lectura":"3 minutos"},"schema":{"@context":"https:\/\/schema.org","@graph":[{"@type":"WebPage","@id":"https:\/\/velabrava.cat\/es\/accessibilidad","url":"https:\/\/velabrava.cat\/es\/accessibilidad","name":"Accesibilidad - Vela Brava","isPartOf":{"@id":"https:\/\/velabrava.cat\/es#website"},"datePublished":"2024-07-16T10:45:19+00:00","dateModified":"2024-09-23T11:43:40+00:00","breadcrumb":{"@id":"https:\/\/velabrava.cat\/es\/accessibilidad#breadcrumb"},"inLanguage":"es","potentialAction":[{"@type":"ReadAction","target":["https:\/\/velabrava.cat\/es\/accessibilidad"]}]},{"@type":"BreadcrumbList","@id":"https:\/\/velabrava.cat\/es\/accessibilidad#breadcrumb","itemListElement":[{"@type":"ListItem","position":1,"name":"Portada","item":"https:\/\/velabrava.cat\/es"},{"@type":"ListItem","position":2,"name":"Accesibilidad"}]},{"@type":"WebSite","@id":"https:\/\/velabrava.cat\/es#website","url":"https:\/\/velabrava.cat\/es","name":"Vela Brava","description":"Lloguer de veler amb patr\u00f3","publisher":{"@id":"https:\/\/velabrava.cat\/es#organization"},"potentialAction":[{"@type":"SearchAction","target":{"@type":"EntryPoint","urlTemplate":"https:\/\/velabrava.cat\/es?s={search_term_string}"},"query-input":{"@type":"PropertyValueSpecification","valueRequired":true,"valueName":"search_term_string"}}],"inLanguage":"es"},{"@type":"Organization","@id":"https:\/\/velabrava.cat\/es#organization","name":"Vela Brava","url":"https:\/\/velabrava.cat\/es","logo":{"@type":"ImageObject","inLanguage":"es","@id":"https:\/\/velabrava.cat\/es#\/schema\/logo\/image\/","url":"https:\/\/velabrava.cat\/wp-content\/uploads\/2024\/07\/logo-velabrava.jpg","contentUrl":"https:\/\/velabrava.cat\/wp-content\/uploads\/2024\/07\/logo-velabrava.jpg","width":417,"height":442,"caption":"Vela Brava"},"image":{"@id":"https:\/\/velabrava.cat\/es#\/schema\/logo\/image\/"},"sameAs":["https:\/\/www.instagram.com\/vela_brava\/?hl=en","https:\/\/wa.me\/34690738188"]}]}},"_links":{"self":[{"href":"https:\/\/velabrava.cat\/es\/wp-json\/wp\/v2\/pages\/749","targetHints":{"allow":["GET"]}}],"collection":[{"href":"https:\/\/velabrava.cat\/es\/wp-json\/wp\/v2\/pages"}],"about":[{"href":"https:\/\/velabrava.cat\/es\/wp-json\/wp\/v2\/types\/page"}],"author":[{"embeddable":true,"href":"https:\/\/velabrava.cat\/es\/wp-json\/wp\/v2\/users\/1"}],"replies":[{"embeddable":true,"href":"https:\/\/velabrava.cat\/es\/wp-json\/wp\/v2\/comments?post=749"}],"version-history":[{"count":5,"href":"https:\/\/velabrava.cat\/es\/wp-json\/wp\/v2\/pages\/749\/revisions"}],"predecessor-version":[{"id":890,"href":"https:\/\/velabrava.cat\/es\/wp-json\/wp\/v2\/pages\/749\/revisions\/890"}],"wp:attachment":[{"href":"https:\/\/velabrava.cat\/es\/wp-json\/wp\/v2\/media?parent=749"}],"curies":[{"name":"wp","href":"https:\/\/api.w.org\/{rel}","templated":true}]}}